{"id":828,"date":"2023-09-18T14:16:44","date_gmt":"2023-09-18T13:16:44","guid":{"rendered":"https:\/\/www.allatpanzio.com\/?page_id=828"},"modified":"2024-11-22T04:16:32","modified_gmt":"2024-11-22T03:16:32","slug":"monty-kutyaiskola-hazirend","status":"publish","type":"page","link":"https:\/\/www.allatpanzio.com\/?page_id=828","title":{"rendered":"Monty Kutyaiskola h\u00e1zirend"},"content":{"rendered":"<div class='flex_column av-8c2c4-26700d37e319fa0ae56898074c47153c av_one_full  avia-builder-el-0  avia-builder-el-no-sibling  first flex_column_div '     ><section  class='av_textblock_section av-lmowu5pq-dba31c616d9f09b083a870238dc68c55'  itemscope=\"itemscope\" itemtype=\"https:\/\/schema.org\/CreativeWork\" ><div class='avia_textblock'  itemprop=\"text\" ><h1 style=\"text-align: center;\"><strong>MONTY KUTYAISKOLA H\u00c1ZIREND<\/strong><\/h1>\n<p>A \u201cH\u00e1zirend\u201d szab\u00e1lyzat el nem olvas\u00e1sa nem mentes\u00edt a benne le\u00edrtak betart\u00e1sa al\u00f3l!<\/p>\n<p>Kiz\u00e1r\u00f3lag eg\u00e9szs\u00e9ges \u00e9s a k\u00f6telez\u0151 olt\u00e1sokkal rendelkez\u0151 \u00e9s igazoltan 2 h\u00f3napon bel\u00fcl f\u00e9reghajtott kutya vehet r\u00e9szt. A kennel k\u00f6h\u00f6g\u00e9s elleni olt\u00e1s aj\u00e1nlott.<\/p>\n<p>Foglalkoz\u00e1sra t\u00f6rt\u00e9n\u0151 bejelentkez\u00e9s: Iskol\u00e1nkba a tr\u00e9ningekhez havonta lehet csatlakozni. A szintfelm\u00e9r\u0151nk egy ingyenes esem\u00e9ny, amely sor\u00e1n mindenki megismerheti a kuty\u00e1ja viselked\u00e9s\u00e9nek er\u0151ss\u00e9geit \u00e9s fejl\u0151d\u00e9si ter\u00fcleteit. Az esem\u00e9ny c\u00e9lja, hogy seg\u00edtsen meghat\u00e1rozni kuty\u00e1ja aktu\u00e1lis k\u00e9pess\u00e9gszintj\u00e9t, \u00e9s egy olyan tantervet k\u00edn\u00e1ljon, amely kuty\u00e1ja szem\u00e9lyis\u00e9g\u00e9hez \u00e9s ig\u00e9nyeihez igazodik.<br \/>\nA Tr\u00e9ningeket el\u0151re megv\u00e1s\u00e1rolt 4, vagy 10 alkalmas b\u00e9rlettel lehet l\u00e1togatni, melyek megv\u00e1s\u00e1rl\u00e1st\u00f3l sz\u00e1m\u00edtva 1 \u00e9s 3 h\u00f3napig \u00e9rv\u00e9nyesek.<\/p>\n<ol>\n<li>Kiz\u00e1r\u00f3lag megfelel\u0151 felszerel\u00e9ssel lehet az \u00f3r\u00e1kon r\u00e9szt venni<\/li>\n<li>Minden Gazdinak be kell tartania az Oktat\u00f3 utas\u00edt\u00e1sait!<\/li>\n<li>Tilos az aut\u00f3khoz a kuty\u00e1val k\u00f6zel menni!<\/li>\n<li>A parkol\u00f3b\u00f3l a kuty\u00e1t az iskola ter\u00fclet\u00e9re 1,2-1,5 m\u00e9teres p\u00f3r\u00e1zon lehet behozni(p\u00f3r\u00e1z n\u00e9lk\u00fcl, hossz\u00fap\u00f3r\u00e1zzal tilos!)<\/li>\n<li>A ki\u00edrt \u00f3ra el\u0151tt \u00e9rkezzetek 10 perccel. Kuty\u00e1t \u00e1tmozgatni, dolg\u00e1t v\u00e9gezni az iskola el\u0151tti ter\u00fcleten lehet.<\/li>\n<li>Az \u00f3r\u00e1k ideje alatt a kapu z\u00e1rva van, aki k\u00e9sik, csak a sz\u00fcnetben tud csatlakozni.<\/li>\n<li>Aki nem jelenik meg az \u00f3r\u00e1n, amire bejelentkezett, vagy k\u00e9sik annak is eg\u00e9sz \u00f3r\u00e1t(alkalmat) sz\u00e1molunk.<\/li>\n<li>Csak p\u00f3r\u00e1zon j\u00f6hetnek be a kuty\u00e1k, miut\u00e1n minden Suliban tart\u00f3zkod\u00f3 kuty\u00e1t megfogtak a Gazdik.<\/li>\n<li>Tilos a kuty\u00e1knak a terept\u00e1rgyakra vizelni\u00fck!! 2x felsz\u00f3l\u00edt\u00e1s ut\u00e1n kitilthat\u00f3 a Kutya a p\u00e1ly\u00e1r\u00f3l (\u00f3r\u00e1r\u00f3l)<\/li>\n<li>\u00a0Tilos a Suliban a labda haszn\u00e1lata! CSAk az Oktat\u00f3 enged\u00e9ly\u00e9vel lehets\u00e9ges a labda haszn\u00e1lata.<\/li>\n<li>Tilos m\u00e1s kuty\u00e1j\u00e1t etetni!<\/li>\n<li>Tilos m\u00e1s p\u00f3r\u00e1zon l\u00e9v\u0151 kuty\u00e1j\u00e1hoz odamenni.<\/li>\n<li>18 \u00e9ven aluli szem\u00e9lyek kiz\u00e1r\u00f3lag sz\u00fcl\u0151i fel\u00fcgyelettel tart\u00f3zkodhatnak az Iskola ter\u00fclet\u00e9n.<\/li>\n<li>Kuty\u00e1d ut\u00e1n az \u00fcr\u00fcl\u00e9ket minden esetben szedd \u00f6ssze, \u00e9s a kihelyezett kuk\u00e1ba dobd, ne mell\u00e9!<\/li>\n<li>Doh\u00e1nyozni a kutyaiskola teljes ter\u00fclet\u00e9n TILOS, kiv\u00e9ve a doh\u00e1nyz\u00e1sra kijel\u00f6lt helyeket. K\u00e9rj\u00fck, hogy a cigarettacsikkeket soha ne dobd el a f\u00f6ldre, hanem az erre a c\u00e9lra kihelyezett gy\u0171jt\u0151be dobd.<\/li>\n<li>A kuty\u00e1val val\u00f3 durva b\u00e1n\u00e1sm\u00f3d szigor\u00faan TILOS!<\/li>\n<li>A Sulit mindenki saj\u00e1t felel\u0151ss\u00e9g\u00e9re l\u00e1togathatja. Az esetleges balesetek\u00e9rt, szem\u00e9lyi s\u00e9r\u00fcl\u00e9sek\u00e9rt, k\u00e1rok\u00e9rt az iskola nem v\u00e1llal felel\u0151ss\u00e9get.<\/li>\n<li>Mindenki a saj\u00e1t kuty\u00e1j\u00e1\u00e9rt felel\u0151s.<\/li>\n<li>A r\u00e9sztvev\u0151k beleegyeznek, hogy a rendezv\u00e9nyeken k\u00e9sz\u00fclt f\u00e9nyk\u00e9peken, ill. vide\u00f3kon esetleg szerepelhetnek.<\/li>\n<li>T\u00fczel\u0151 szuk\u00e1k nem vehetnek r\u00e9szt a Tr\u00e9ningeken.<\/li>\n<li>A Gazdik tudom\u00e1sul veszik, hogy az iskola ter\u00fclet\u00e9n el\u0151fordulhatnak olyan n\u00f6v\u00e9nyek, melyek bizonyos sz\u0151rt\u00edpusokba beleragadhatnak.<\/li>\n<\/ol>\n<p>Hogyan jutsz el hozz\u00e1nk:<\/p>\n<p>Budapest XVII. ker\u00fclet hat\u00e1r\u00e1ban, R\u00e1koscsaba- \u00dajtelep. Az M0, M31 es csom\u00f3pont k\u00f6zel\u00e9ben tal\u00e1lhat\u00f3 a R\u00e1kosliget- Nagytarcsa lehajt\u00f3 k\u00f6zel\u00e9ben, ez\u00e9rt aut\u00f3val rendk\u00edv\u00fcl k\u00f6nnyen \u00e9s gyorsan megtal\u00e1lhat\u00f3. BKV- val is hasonl\u00f3 a helyzet, mert az ingatlant\u00f3l 850 m\u00e9terre \u00e1ll meg a 176 E (ami az \u00d6rs vez\u00e9r t\u00e9rr\u0151l indul )R\u00e1koscsaba- \u00dajtelep, T\u00f3alm\u00e1s utca-i meg\u00e1ll\u00f3n\u00e1l \u00e9s a 198- as busz, gyalog 10 perc s\u00e9t\u00e1val.<\/p>\n<p>Iskolavezet\u0151: M\u00e1rtonn\u00e9 D\u00f3ra<\/p>\n<p>Iskolavezet\u0151 helyettes: M\u00e1rton Tam\u00e1s<\/p>\n<p>Az iskola id\u0151pontjainak v\u00e1ltoz\u00e1si jog\u00e1t fenntartjuk!<\/p>\n<p style=\"text-align: left;\">A kutya betegs\u00e9ge eset\u00e9n az iskolai foglalkoz\u00e1son \u00e1llatorvosi igazol\u00e1s bemutat\u00e1s\u00e1val lehets\u00e9ges \u00fajra r\u00e9szt venni!!<\/p>\n<h2 style=\"text-align: center;\"><strong>Er\u0151nl\u00e9ti edz\u00e9sek kieg\u00e9sz\u00edt\u00e9se:<\/strong><\/h2>\n<p>Coursing, Sz\u00e1nk\u00f3 sprint, F\u00e9kez\u0151erny\u0151s sprint, Fut\u00f3pad<\/p>\n<ol>\n<li>A szab\u00e1lyzat el nem olvas\u00e1sa nem mentes\u00edt a benne le\u00edrtak betart\u00e1sa al\u00f3l!<\/li>\n<li>Kiz\u00e1r\u00f3lag eg\u00e9szs\u00e9ges \u00e9s a k\u00f6telez\u0151 olt\u00e1sokkal rendelkez\u0151 \u00e9s igazoltan 2 h\u00f3napon bel\u00fcl f\u00e9reghajtott kutya vehet r\u00e9szt (orvos \u00e1ltal igazolva). A kennel k\u00f6h\u00f6g\u00e9s elleni olt\u00e1s aj\u00e1nlott.<\/li>\n<li>Minden Gazdinak be kell tartania az Edz\u0151 utas\u00edt\u00e1sait!<\/li>\n<li>Az iskola el\u0151tti ter\u00fcleten lehet parkolni.<\/li>\n<li>Tilos az aut\u00f3khoz a kuty\u00e1val k\u00f6zel menni!<\/li>\n<li>A parkol\u00f3b\u00f3l a kuty\u00e1t az iskola ter\u00fclet\u00e9re 1,2-1,5 m\u00e9teres p\u00f3r\u00e1zon lehet behozni (p\u00f3r\u00e1z n\u00e9lk\u00fcl, hossz\u00fap\u00f3r\u00e1zzal tilos!)<\/li>\n<li>A ki\u00edrt futam, illetve fut\u00f3padn\u00e1l a megadott id\u0151pont el\u0151tt \u00e9rkezzetek 15 perccel. Kuty\u00e1t \u00e1tmozgatni, dolg\u00e1t v\u00e9gezni az iskola el\u0151tti ter\u00fcleten lehet.<\/li>\n<li>Aki els\u0151 alkalommal \u00e9rkezik \u00e9s k\u00e9rt felk\u00e9sz\u00edt\u00e9st, az az egy\u00e9ni megbesz\u00e9lt id\u0151pontban \u00e9rkezzen.<\/li>\n<li>Minden kuty\u00e1nak k\u00f6telez\u0151 felszerel\u00e9s a sz\u00e1jkos\u00e1r, KEZD\u0150K kaphatnak egyedi felment\u00e9st sz\u00e1jkos\u00e1r haszn\u00e1lata al\u00f3l.<\/li>\n<li>A fut\u00f3pad kiz\u00e1r\u00f3lag h\u00e1mban haszn\u00e1lhat\u00f3!<\/li>\n<li>Aki el\u0151sz\u00f6r j\u00f6n edz\u00e9sre, hozzon mag\u00e1val k\u00e9t p\u00f3r\u00e1zt (ereszt\u00e9s, elkap\u00e1s).<\/li>\n<li>Tilos a p\u00e1ly\u00e1n futamban f\u00e9m, l\u00e1nc, fojt\u00f3, sz\u00f6gesfojt\u00f3 nyak\u00f6rvek haszn\u00e1lata. Javasoljuk a h\u00e1m haszn\u00e1lat\u00e1t, vagy k\u00e9nyelmes, sz\u00e9les b\u0151r vagy textil nyak\u00f6rvek\u00e9t.<\/li>\n<li>A p\u00e1ly\u00e1n csak a futamban r\u00e9sztvev\u0151k tart\u00f3zkodhatnak.<\/li>\n<li>A versenyp\u00e1lya ki-,bej\u00e1rat\u00e1n\u00e1l ne tart\u00f3zkodjon senki a balesetek elker\u00fcl\u00e9se v\u00e9gett.<\/li>\n<li>A felk\u00e9sz\u00fcl\u0151 versenyz\u0151 a kijel\u00f6lt felk\u00e9sz\u00fcl\u00e9si r\u00e9szen tart\u00f3zkodjon, hogy ne zavarjuk a m\u00e1sik kuty\u00e1j\u00e1t.<\/li>\n<li>Praktikus hozni boxot a kuty\u00e1knak, hogy tudjanak pihenni, illetve, hogy a gazdik is tudjanak kutya n\u00e9lk\u00fcl is mozogni.<\/li>\n<li>Kuty\u00e1d ut\u00e1n az \u00fcr\u00fcl\u00e9ket minden esetben szedd \u00f6ssze, \u00e9s a kihelyezett kuk\u00e1ba dobd, ne mell\u00e9!<\/li>\n<li>Doh\u00e1nyozni a kutyaiskola teljes ter\u00fclet\u00e9n TILOS, kiv\u00e9ve a doh\u00e1nyz\u00e1sra kijel\u00f6lt helyeket. K\u00e9rj\u00fck, hogy a cigarettacsikkeket soha ne dobd el a f\u00f6ldre, hanem az erre a c\u00e9lra kihelyezett gy\u0171jt\u0151be dobd.<\/li>\n<li>A kuty\u00e1val val\u00f3 durva b\u00e1n\u00e1sm\u00f3d szigor\u00faan TILOS!<\/li>\n<li>Az Edz\u00e9seket mindenki saj\u00e1t felel\u0151ss\u00e9g\u00e9re l\u00e1togathatja, mind versenyz\u0151, mind n\u00e9z\u0151. Az esetleges balesetek\u00e9rt, szem\u00e9lyi s\u00e9r\u00fcl\u00e9sek\u00e9rt, k\u00e1rok\u00e9rt az iskola nem v\u00e1llal felel\u0151ss\u00e9get.<\/li>\n<li>Mindenki a saj\u00e1t kuty\u00e1j\u00e1\u00e9rt felel\u0151s. kuty\u00e1ja \u00e1ltal okozott k\u00e1r\u00e9rt, a maga vagy kuty\u00e1ja \u00e1ltal elszenvedett baleset\u00e9rt! A rendez\u0151k \u00e9s a helysz\u00edn b\u00e1rmilyen k\u00e1rt\u00e9r\u00edt\u00e9si vagy egy\u00e9b felel\u0151ss\u00e9ge kiz\u00e1rva!<\/li>\n<li>A Monty Kutyaiskola nem v\u00e1llal felel\u0151ss\u00e9get esetleges s\u00e9r\u00fcl\u00e9sek\u00e9rt, eg\u00e9szs\u00e9gk\u00e1rosod\u00e1s bek\u00f6vetkez\u00e9s\u00e9\u00e9rt. A tulajdonos felel a kutya eg\u00e9szs\u00e9g\u00fcgyi \u00e1llapot\u00e1\u00e9rt, az ahhoz megfelel\u0151 m\u00e9rt\u00e9k\u0171 fizikai terhel\u00e9s\u00e9rt. A Monty Kutyaiskola javasolja <strong>\u00e1llatorvosi v\u00e9lem\u00e9ny kik\u00e9r\u00e9s\u00e9t a sport \u0171z\u00e9s\u00e9hez.<\/strong><\/li>\n<li>A rendezv\u00e9ny ideje alatt a Monty Kutyaiskola teljes ter\u00fclet\u00e9n <strong>k\u00f6telez\u0151 a p\u00f3r\u00e1z<\/strong> haszn\u00e1lata. Kuty\u00e1j\u00e1t nem p\u00f3r\u00e1zon vezet\u0151 r\u00e9sztvev\u0151 az aznapi rendezv\u00e9nyr\u0151l kitilthat\u00f3, ez esetben r\u00e9szv\u00e9teli d\u00edjat nem t\u00e9r\u00edt\u00fcnk vissza. Szint\u00e9n kitilt\u00e1st vonhat maga ut\u00e1n a szemetel\u00e9s, vagy egy\u00e9b olyan magatart\u00e1s, ami a rendezv\u00e9nyen r\u00e9sztvev\u0151k (emberek \u00e9s kuty\u00e1k) biztons\u00e1g\u00e1t vesz\u00e9lyezteti, megbotr\u00e1nkoz\u00e1st okoz vagy a szervez\u0151 rossz h\u00edr\u00e9t keltheti.<\/li>\n<li>A r\u00e9sztvev\u0151k beleegyeznek, hogy a rendezv\u00e9nyeken k\u00e9sz\u00fclt f\u00e9nyk\u00e9peken, ill. vide\u00f3kon esetleg szerepelhetnek.<\/li>\n<li>T\u00fczel\u0151 szuk\u00e1k nem vehetnek r\u00e9szt az Edz\u00e9seken.<\/li>\n<li>A Gazdik tudom\u00e1sul veszik, hogy az iskola ter\u00fclet\u00e9n el\u0151fordulhatnak olyan n\u00f6v\u00e9nyek, melyek bizonyos sz\u0151rt\u00edpusokba beleragadhatnak.<\/li>\n<li>A megadott adatokat a Monty Kutyaiskola kiz\u00e1r\u00f3lag a kapcsolattart\u00e1sra \u00e9s a sz\u00e1ml\u00e1z\u00e1sra haszn\u00e1lja fel, harmadik f\u00e9lnek nem adja ki. A sz\u00e1ml\u00e1z\u00e1si adatok csak a t\u00f6rv\u00e9nyben el\u0151\u00edrt k\u00f6nyvel\u00e9si nyilv\u00e1ntart\u00e1sban szerepelnek, azokat m\u00e1s c\u00e9lra nem haszn\u00e1ljuk fel. Az \u201cElfogadom\u201d gomb bejel\u00f6l\u00e9s\u00e9vel a jelentkez\u0151 hozz\u00e1j\u00e1rul\u00e1s\u00e1t adja fenti adatainak itt le\u00edrt nyilv\u00e1ntart\u00e1s\u00e1hoz. (Ezt a hozz\u00e1j\u00e1rul\u00e1st b\u00e1rmikor visszavonhat\u00f3 e-mailben.)<\/li>\n<li>A lemond\u00e1si hat\u00e1rid\u0151n t\u00fal nevez\u00e9si d\u00edjat nem fizet\u00fcnk vissza \u00e9s nem visz\u00fcnk \u00e1t m\u00e1s rendezv\u00e9nyre semmilyen indokkal!!!<\/li>\n<\/ol>\n<h2>\u00a0 \u00a0 \u00a0 \u00a0 \u00a0 \u00a0 \u00a0 \u00a0 \u00a0Gyermek j\u00e1tsz\u00f3t\u00e9r haszn\u00e1lata:<\/h2>\n<h2>Mindenki saj\u00e1t felel\u0151ss\u00e9gre,Sz\u00fcl\u0151i fel\u00fcgyelet mellett haszn\u00e1lhatja.<br \/>\nMinden esetben a hely\u00e9re rakj\u00e1k vissza.<br \/>\nEsetleges rong\u00e1l\u00e1s\u00e9rt a sz\u00fcl\u0151k tartoznak felel\u0151ss\u00e9ggel.<\/h2>\n<\/div><\/section><\/div>\n","protected":false},"excerpt":{"rendered":"","protected":false},"author":1,"featured_media":0,"parent":0,"menu_order":0,"comment_status":"closed","ping_status":"closed","template":"","meta":{"footnotes":""},"class_list":["post-828","page","type-page","status-publish","hentry"],"_links":{"self":[{"href":"https:\/\/www.allatpanzio.com\/index.php?rest_route=\/wp\/v2\/pages\/828","targetHints":{"allow":["GET"]}}],"collection":[{"href":"https:\/\/www.allatpanzio.com\/index.php?rest_route=\/wp\/v2\/pages"}],"about":[{"href":"https:\/\/www.allatpanzio.com\/index.php?rest_route=\/wp\/v2\/types\/page"}],"author":[{"embeddable":true,"href":"https:\/\/www.allatpanzio.com\/index.php?rest_route=\/wp\/v2\/users\/1"}],"replies":[{"embeddable":true,"href":"https:\/\/www.allatpanzio.com\/index.php?rest_route=%2Fwp%2Fv2%2Fcomments&post=828"}],"version-history":[{"count":4,"href":"https:\/\/www.allatpanzio.com\/index.php?rest_route=\/wp\/v2\/pages\/828\/revisions"}],"predecessor-version":[{"id":1235,"href":"https:\/\/www.allatpanzio.com\/index.php?rest_route=\/wp\/v2\/pages\/828\/revisions\/1235"}],"wp:attachment":[{"href":"https:\/\/www.allatpanzio.com\/index.php?rest_route=%2Fwp%2Fv2%2Fmedia&parent=828"}],"curies":[{"name":"wp","href":"https:\/\/api.w.org\/{rel}","templated":true}]}}