{"id":824,"date":"2023-09-18T14:05:58","date_gmt":"2023-09-18T13:05:58","guid":{"rendered":"https:\/\/www.allatpanzio.com\/?page_id=824"},"modified":"2025-10-09T12:33:35","modified_gmt":"2025-10-09T11:33:35","slug":"panzio-hazirend","status":"publish","type":"page","link":"https:\/\/www.allatpanzio.com\/?page_id=824","title":{"rendered":"Panzi\u00f3 h\u00e1zirend"},"content":{"rendered":"<div class='flex_column av-8nq34-6a247924b46c5c7fdd3f8ad2df5b32a2 av_one_full  avia-builder-el-0  avia-builder-el-no-sibling  first flex_column_div '     ><section  class='av_textblock_section av-lmowgak9-3d6c5ab7156480003620ca18241d4168'  itemscope=\"itemscope\" itemtype=\"https:\/\/schema.org\/CreativeWork\" ><div class='avia_textblock'  itemprop=\"text\" ><h1>Monty \u00c1llatpanzi\u00f3 H\u00e1zirend \u00e9s M\u0171k\u00f6d\u00e9si Szab\u00e1lyzat<\/h1>\n<p>Hat\u00e1lyos: 2025.09.01.<br \/>\nVerzi\u00f3: 1.8<\/p>\n<h2>1. \u00c1ltal\u00e1nos rendelkez\u00e9sek \u00e9s hat\u00e1ly<\/h2>\n<p>Jelen H\u00e1zirend \u00e9s M\u0171k\u00f6d\u00e9si Szab\u00e1lyzat (a tov\u00e1bbiakban: Szab\u00e1lyzat) a Monty \u00c1llatpanzi\u00f3 szolg\u00e1ltat\u00e1sainak ig\u00e9nybev\u00e9tel\u00e9re vonatkozik.<br \/>\nSzolg\u00e1ltat\u00f3: M\u00e1rton Tam\u00e1s E.V. \u2013 Monty \u00c1llatpanzi\u00f3, 1171 Budapest, \u00cdr\u00e1s utca 12.<br \/>\nMegrendel\u0151 (Gazdi): az \u00e1llat tulajdonosa vagy \u00edr\u00e1sban meghatalmazott \u00e1tvev\u0151je.<br \/>\nA Szab\u00e1lyzat elfogad\u00e1sa az online \u0171rlap kit\u00f6lt\u00e9s\u00e9vel t\u00f6rt\u00e9nik, mely al\u00e1\u00edr\u00e1s n\u00e9lk\u00fcl is \u00e9rv\u00e9nyes \u00e9s k\u00f6telez\u0151 \u00e9rv\u00e9ny\u0171.<\/p>\n<h2>2. Szolg\u00e1ltat\u00e1s jellege \u00e9s f\u00e9r\u0151helyek<\/h2>\n<p>A Monty \u00c1llatpanzi\u00f3 kuty\u00e1k, macsk\u00e1k, madarak \u00e9s kistest\u0171 r\u00e1gcs\u00e1l\u00f3k ideiglenes elhelyez\u00e9s\u00e9t biztos\u00edtja csal\u00e1di h\u00e1zas k\u00f6rnyezetben.<br \/>\nF\u00e9r\u0151helyek: kutya \u2013 max. 10 f\u0151, macska \u2013 max. 3 f\u0151, mad\u00e1r \u2013 2 kalitka, r\u00e1gcs\u00e1l\u00f3 \u2013 2 ketrec.<br \/>\nH\u00fcll\u0151k elhelyez\u00e9se csak egyedi meg\u00e1llapod\u00e1ssal, saj\u00e1t terr\u00e1riummal lehets\u00e9ges.<\/p>\n<h2>3. Eg\u00e9szs\u00e9g\u00fcgyi felt\u00e9telek \u00e9s olt\u00e1sok<\/h2>\n<p>A panzi\u00f3 kiz\u00e1r\u00f3lag eg\u00e9szs\u00e9ges, parazitamentes, oltott \u00e1llatokat fogad. K\u00f6telez\u0151 a veszetts\u00e9g \u00e9s kombin\u00e1lt olt\u00e1s megl\u00e9te.<br \/>\nAj\u00e1nlott: kennelk\u00f6h\u00f6g\u00e9s (KC) \u00e9s sz\u00edvf\u00e9reg elleni v\u00e9delem.<br \/>\nF\u00e9regtelen\u00edt\u00e9s: legfeljebb 2 h\u00f3nappal kor\u00e1bbi, \u00e1llatorvos \u00e1ltal igazolt kezel\u00e9s.<br \/>\nKennelk\u00f6h\u00f6g\u00e9s elleni olt\u00e1s hi\u00e1ny\u00e1ban a fert\u0151z\u00e9s kock\u00e1zat\u00e1t a Gazdi kifejezetten tudom\u00e1sul veszi.<\/p>\n<h2>4. T\u00fczel\u0151 szuk\u00e1k, sz\u00f6k\u0151s vagy probl\u00e9m\u00e1s kuty\u00e1k<\/h2>\n<p>A Monty \u00c1llatpanzi\u00f3 t\u00fczel\u0151 szuk\u00e1t nem fogad.<br \/>\nHa a t\u00fczel\u00e9s a panzi\u00f3ztat\u00e1s alatt kezd\u0151dik, a Gazdi k\u00f6teles az \u00e1llatot azonnal elsz\u00e1ll\u00edtani.<br \/>\nA sz\u00f6k\u0151s, \u00e1s\u00f3s, ker\u00edt\u00e9st ugr\u00f3 vagy kor\u00e1bban megsz\u00f6k\u00f6tt kuty\u00e1kat a panzi\u00f3 nem fogadja.<br \/>\nAmennyiben sz\u00f6k\u00e9si k\u00eds\u00e9rlet t\u00f6rt\u00e9nik, az \u00e1llat elk\u00fcl\u00f6n\u00edt\u00e9sre ker\u00fcl, \u00e9s a szolg\u00e1ltat\u00e1s megsz\u00fcntethet\u0151.<br \/>\nA megn\u00f6vekedett fel\u00fcgyeleti ig\u00e9ny miatt p\u00f3td\u00edj sz\u00e1m\u00edthat\u00f3 fel.<\/p>\n<h2>5. Viselked\u00e9s-felm\u00e9r\u00e9s, beszoktat\u00e1s \u00e9s pr\u00f3banap<\/h2>\n<p>\u00daj vend\u00e9gek eset\u00e9n falk\u00e1s elhelyez\u00e9s el\u0151tt r\u00f6vid viselked\u00e9s-felm\u00e9r\u00e9s vagy pr\u00f3banap sz\u00fcks\u00e9ges.<br \/>\nA panzi\u00f3 fenntartja a jogot a panzi\u00f3ztat\u00e1s visszautas\u00edt\u00e1s\u00e1ra, ha a kutya viselked\u00e9se vagy eg\u00e9szs\u00e9gi \u00e1llapota ezt indokolja.<br \/>\nSzepar\u00e1ci\u00f3s szorong\u00e1s eset\u00e9n t\u00f6bb beszoktat\u00f3 nap, illetve 2 napos alv\u00e1sos pr\u00f3baid\u0151 el\u0151\u00edrhat\u00f3.<br \/>\nA pr\u00f3banap d\u00edja megegyezik a mindenkori napi panzi\u00f3s d\u00edjjal.<\/p>\n<h2>6. Etet\u00e9s \u00e9s gy\u00f3gyszerel\u00e9s<\/h2>\n<p>A Gazdi hozhat saj\u00e1t t\u00e1pot, vagy <strong>k\u00fcl\u00f6n d\u00edj ellen\u00e9ben<\/strong> ig\u00e9nyelheti a panzi\u00f3 \u00e1ltal biztos\u00edtott pr\u00e9mium t\u00e1pot (Gemon, Brit, Eminent, Happy Dog).<br \/>\nA hozott eledelt n\u00e9vvel ell\u00e1tva, adagokra porci\u00f3zva kell \u00e1tadni.<br \/>\nGy\u00f3gyszer bead\u00e1sa a Gazdi \u00edr\u00e1sos utas\u00edt\u00e1sa alapj\u00e1n, a <strong>Gy\u00f3gyszerel\u00e9si lapon<\/strong> dokument\u00e1lva t\u00f6rt\u00e9nik.<br \/>\nA panzi\u00f3 \u00e1llatorvosi fel\u00fcgyelet alatt \u00e1ll (ZOO-VET Rendel\u0151, 1171 Budapest, P\u00e9celi \u00fat 256.).<br \/>\nS\u00fcrg\u0151s esetben a panzi\u00f3 a Gazdi el\u00e9rhetetlens\u00e9ge eset\u00e9n <strong>50.000 Ft keretig<\/strong> megkezdi a kezel\u00e9st, melyet a Gazdi ut\u00f3lag megt\u00e9r\u00edt.<\/p>\n<p>A <strong>k\u00fcl\u00f6n\u00f6s b\u00e1n\u00e1sm\u00f3d\u00e9rt (gy\u00f3gyszer bead\u00e1s, speci\u00e1lis fel\u00fcgyelet stb.)<\/strong> a panzi\u00f3 <strong>nem sz\u00e1m\u00edt fel k\u00fcl\u00f6n d\u00edjat.<\/strong><br \/>\nAmennyiben azonban a Gazdi <strong>nem biztos\u00edtja a sz\u00fcks\u00e9ges gy\u00f3gyszert, pelust, pelenk\u00e1t vagy egy\u00e9b kieg\u00e9sz\u00edt\u0151t<\/strong>, annak p\u00f3tl\u00e1sa a panzi\u00f3 \u00e1ltal t\u00f6rt\u00e9nik, \u00e9s <strong>ennek k\u00f6lts\u00e9ge felsz\u00e1m\u00edt\u00e1sra ker\u00fcl.<\/strong><\/p>\n<p>Ha a kutya <strong>jel\u00f6l, vagy nem a kijel\u00f6lt helyre\/pelusra v\u00e9gzi a dolg\u00e1t<\/strong>, a takar\u00edt\u00e1s\u00e9rt <strong>k\u00fcl\u00f6n takar\u00edt\u00e1si d\u00edj<\/strong> ker\u00fcl felsz\u00e1m\u00edt\u00e1sra.<\/p>\n<p>A Gazdi \u00e1ltal <strong>hozott fekhelyeket a panzi\u00f3 nem mossa<\/strong>, kiz\u00e1r\u00f3lag akkor, ha <strong>vizelet vagy b\u00e9ls\u00e1r<\/strong> ker\u00fcl r\u00e1, \u00e9s az <strong>eszk\u00f6z bef\u00e9r a mos\u00f3g\u00e9pbe<\/strong>. Ebben az esetben a mos\u00e1s <strong>k\u00fcl\u00f6n d\u00edj ellen\u00e9ben<\/strong> t\u00f6rt\u00e9nik.<\/p>\n<h2>7. Higi\u00e9nia, takar\u00edt\u00e1s \u00e9s fert\u0151tlen\u00edt\u00e9s<\/h2>\n<p>A Monty \u00c1llatpanzi\u00f3ban a higi\u00e9niai szab\u00e1lyok betart\u00e1sa kiemelt fontoss\u00e1g\u00fa.<br \/>\nA panzi\u00f3ban <strong>napi takar\u00edt\u00e1s, fert\u0151tlen\u00edt\u00e9s \u00e9s alomcsere<\/strong> t\u00f6rt\u00e9nik.<\/p>\n<p>A <strong>kert \u00e9s a k\u00fcls\u0151 ter\u00fcletek fert\u0151tlen\u00edt\u00e9se<\/strong> k\u00f6rnyezetbar\u00e1t <strong>ecettel<\/strong> \u00e9s <strong>Sterimo magasnyom\u00e1s\u00fa fert\u0151tlen\u00edt\u0151 berendez\u00e9ssel<\/strong> t\u00f6rt\u00e9nik.<br \/>\nAz <strong>\u00fcr\u00fcl\u00e9keket folyamatosan szedj\u00fck<\/strong>, \u00e9s <strong>k\u00fcl\u00f6n z\u00e1rt gy\u0171jt\u0151ben<\/strong> t\u00e1roljuk <strong>a MOHU \u00e1ltal heti rendszeress\u00e9ggel t\u00f6rt\u00e9n\u0151 elsz\u00e1ll\u00edt\u00e1sig<\/strong>.<\/p>\n<p>A folyamatos \u00fcr\u00fcl\u00e9k-szed\u00e9s ellen\u00e9re is el\u0151fordulhat, hogy az arra hajlamos vagy \u00e9rz\u00e9kenyebb kuty\u00e1k <strong>belehemperegnek az \u00fcr\u00fcl\u00e9kbe, vagy koprof\u00e1gi\u00e1t (kaki ev\u00e9st) folytatnak<\/strong>.<br \/>\nAz ilyen eseteket a fel\u00fcgyelet <strong>azonnal \u00e9szleli \u00e9s megakad\u00e1lyozza<\/strong>, a viselked\u00e9st <strong>azonnal tiltjuk \u00e9s korrig\u00e1ljuk<\/strong>.<\/p>\n<p>A fekhelyeket a kuty\u00e1k \u00f6sszet\u00e9tel\u00e9t\u0151l \u00e9s a csoportv\u00e1lt\u00e1sokt\u00f3l f\u00fcgg\u0151en <strong>hetente 1\u20131 alkalommal mossuk<\/strong>,<br \/>\nazonban <strong>vizelet vagy b\u00e9ls\u00e1r szennyez\u00e9s eset\u00e9n azonnal<\/strong> cser\u00e9lj\u00fck \u00e9s fert\u0151tlen\u00edtj\u00fck.<\/p>\n<p>A <strong>kuty\u00e1k etet\u0151- \u00e9s itat\u00f3t\u00e1ljait naponta tiszt\u00edtjuk \u00e9s fert\u0151tlen\u00edtj\u00fck.<\/strong><br \/>\nA belt\u00e9ri fel\u00fcletek fert\u0151tlen\u00edt\u00e9s\u00e9re <strong>Domestos, Fl\u00f3raszept, Dymosept, Hypo<\/strong> ker\u00fcl alkalmaz\u00e1sra,<br \/>\na fekhelyek, pl\u00e9dek \u00e9s p\u00e1rn\u00e1k mos\u00e1sa pedig <strong>60\u00b0C-on, g\u0151ztechnol\u00f3gi\u00e1val<\/strong> t\u00f6rt\u00e9nik.<br \/>\nA kuty\u00e1k csak a padl\u00f3 \u00e9s a fel\u00fcletek <strong>teljes sz\u00e1rad\u00e1sa ut\u00e1n<\/strong> l\u00e9phetnek vissza a hely\u00fckre.<\/p>\n<h2>8. \u00c1tad\u00e1s-\u00e1tv\u00e9tel, nyitvatart\u00e1s \u00e9s parkol\u00e1s<\/h2>\n<p>\u00c1tad\u00e1s \u00e9s \u00e1tv\u00e9tel helye: 1171 Budapest, \u00cdr\u00e1s utca 12.<br \/>\nId\u0151pontok: reggel 6:30\u20139:00, d\u00e9lut\u00e1n 16:00\u201318:00. Ett\u0151l elt\u00e9r\u0151 id\u0151pontban csak egyeztet\u00e9ssel, p\u00f3td\u00edj mellett.<br \/>\n\u00c1tad\u00e1s \u00e9s \u00e1tv\u00e9tel kiz\u00e1r\u00f3lag a kapuban t\u00f6rt\u00e9nik.<br \/>\nParkol\u00e1s kiz\u00e1r\u00f3lag a panzi\u00f3 el\u0151tti k\u00f6zter\u00fcleten enged\u00e9lyezett. K\u00e9rj\u00fck, ne parkoljanak a szomsz\u00e9dok kapuja el\u00e9!<\/p>\n<h2>9. Fizet\u00e9s, lemond\u00e1s \u00e9s hossz\u00fa t\u00e1v\u00fa panzi\u00f3 felt\u00e9telei<\/h2>\n<p>A foglal\u00e1s <strong>50% el\u0151leg befizet\u00e9s\u00e9vel<\/strong> v\u00e1lik \u00e9rv\u00e9nyess\u00e9. A fennmarad\u00f3 \u00f6sszeg a <strong>t\u00e1voz\u00e1s napj\u00e1n<\/strong> fizetend\u0151.<\/p>\n<p><strong>Lemond\u00e1s eset\u00e9n:<\/strong><br \/>\n\u2013 A panzi\u00f3 els\u0151 napja el\u0151tti <strong>14 napon bel\u00fcl<\/strong> t\u00f6rt\u00e9n\u0151 lemond\u00e1skor a teljes d\u00edj <strong>25%-a<\/strong> sz\u00e1m\u00edt lemond\u00e1si d\u00edjnak.<br \/>\n\u2013 A panzi\u00f3 els\u0151 napja el\u0151tti <strong>7 napon bel\u00fcl<\/strong> t\u00f6rt\u00e9n\u0151 lemond\u00e1skor a teljes d\u00edj <strong>50%-a<\/strong> sz\u00e1m\u00edt lemond\u00e1si d\u00edjnak (az el\u0151leg nem ker\u00fcl visszafizet\u00e9sre).<\/p>\n<p>A <strong>lemond\u00e1s<\/strong> fogalm\u00e1ba beletartozik az is, ha a Gazdi <strong>a foglaltn\u00e1l kor\u00e1bban, ak\u00e1r 1 nappal hamarabb<\/strong> hazaviszi a kuty\u00e1t,<br \/>\nvagy a panzi\u00f3ztat\u00e1s id\u0151tartam\u00e1t <strong>r\u00f6vid\u00edti<\/strong>. Ebben az esetben \u2013 ha a lemond\u00e1s <strong>a fenti hat\u00e1rid\u0151k\u00f6n bel\u00fcl<\/strong> t\u00f6rt\u00e9nik \u2013<br \/>\na teljes, lefoglalt id\u0151szak d\u00edja fizetend\u0151, azaz a <strong>kor\u00e1bbi hazautaz\u00e1s nem mentes\u00edt a h\u00e1tral\u00e9v\u0151 napok d\u00edj\u00e1nak megfizet\u00e9se al\u00f3l<\/strong>.<\/p>\n<p><strong>P\u00e9lda:<\/strong><br \/>\nHa a foglal\u00e1s teljes d\u00edja <strong>40.000 Ft<\/strong>, \u00e9s a lemond\u00e1s <strong>8 nappal a kezd\u00e9s el\u0151tt t\u00f6rt\u00e9nik<\/strong>,<br \/>\nakkor a lemond\u00e1si d\u00edj <strong>20.000 Ft (50%)<\/strong>, \u00edgy a befizetett el\u0151leg nem j\u00e1r vissza.<\/p>\n<p>A <strong>hossz\u00fa t\u00e1v\u00fa panzi\u00f3<\/strong> d\u00edja havonta el\u0151re, minden h\u00f3nap <strong>28. napj\u00e1ig<\/strong> fizetend\u0151.<br \/>\nAz el\u0151re kifizetett d\u00edj <strong>nem visszat\u00e9r\u00edthet\u0151<\/strong>, m\u00e9g akkor sem, ha az \u00e1llatot a h\u00f3nap v\u00e9ge el\u0151tt elsz\u00e1ll\u00edtj\u00e1k.<\/p>\n<ol start=\"10\">\n<li>\n<h2><strong> Felel\u0151ss\u00e9g, k\u00e1rokoz\u00e1s \u00e9s panaszkezel\u00e9s<\/strong><\/h2>\n<\/li>\n<\/ol>\n<p>A Gazdi elfogadja, hogy kuty\u00e1ja ismert vagy rejtett eg\u00e9szs\u00e9g\u00fcgyi probl\u00e9m\u00e1i miatt baleset, s\u00e9r\u00fcl\u00e9s, hal\u00e1l el\u0151fordulhat.<br \/>\nId\u0151sebb kuty\u00e1k eset\u00e9ben a korb\u00f3l fakad\u00f3 eg\u00e9szs\u00e9g\u00fcgyi kock\u00e1zatok\u00e9rt a panzi\u00f3 nem v\u00e1llal felel\u0151ss\u00e9get.<br \/>\nA panzi\u00f3 a j\u00f3 gazda gondoss\u00e1g\u00e1val j\u00e1r el, de a term\u00e9szetes kock\u00e1zatokb\u00f3l ered\u0151 k\u00e1rok\u00e9rt nem felel.<br \/>\nPanaszokat \u00edr\u00e1sban fogadunk, \u00e9s 30 napon bel\u00fcl v\u00e1laszolunk. Illet\u00e9kes szerv: Budapest XX. \u00e9s XXIII. Ker\u00fcleti B\u00e9k\u00e9ltet\u0151 Test\u00fclet.<\/p>\n<h2>10.1. Felel\u0151ss\u00e9gi k\u00e9rd\u00e9s \u2013 pontos\u00edt\u00f3 rendelkez\u00e9sek<\/h2>\n<ul>\n<li data-start=\"5470\" data-end=\"5774\">\n<p data-start=\"5472\" data-end=\"5774\">\u201e<strong data-start=\"5520\" data-end=\"5568\">A Panzi\u00f3 nem min\u0151s\u00fcl \u00e1llatorvosi rendel\u0151nek.<\/strong> A szem\u00e9lyzet az <strong data-start=\"5585\" data-end=\"5613\">\u00e1ltal\u00e1nos gondoss\u00e1g elve<\/strong> szerint j\u00e1r el, de <strong data-start=\"5633\" data-end=\"5660\">nem v\u00e1llal felel\u0151ss\u00e9get<\/strong> olyan, <strong data-start=\"5668\" data-end=\"5724\">hirtelen vagy \u00f6nokozta eg\u00e9szs\u00e9g\u00fcgyi \u00e1llapotroml\u00e1s\u00e9rt<\/strong>, amely a szem\u00e9lyzet befoly\u00e1s\u00e1n k\u00edv\u00fcl t\u00f6rt\u00e9nik.\u201d<\/p>\n<\/li>\n<li data-start=\"5775\" data-end=\"6030\">\n<p data-start=\"5777\" data-end=\"6030\">\u201eAmennyiben a szem\u00e9lyzet <strong data-start=\"5845\" data-end=\"5886\">\u00e1llatorvosi ell\u00e1t\u00e1st indokoltnak \u00edt\u00e9l<\/strong>, a tulajdonost <strong data-start=\"5902\" data-end=\"5929\">halad\u00e9ktalanul \u00e9rtes\u00edti<\/strong>. <strong data-start=\"5931\" data-end=\"5944\">\u00d6ns\u00e9r\u00fcl\u00e9s<\/strong> vagy <strong data-start=\"5950\" data-end=\"5977\">viselked\u00e9sbeli v\u00e1ltoz\u00e1s<\/strong> eset\u00e9n a panzi\u00f3 a Gazdival <strong data-start=\"6005\" data-end=\"6019\">egyeztetve<\/strong> j\u00e1r el.\u201d<\/p>\n<\/li>\n<li data-start=\"6031\" data-end=\"6249\">\n<p data-start=\"6033\" data-end=\"6249\"><strong data-start=\"6033\" data-end=\"6064\">Jogi h\u00e1tt\u00e9r (Ptk. r\u00f6viden):<\/strong> a panzi\u00f3 szolg\u00e1ltat\u00e1sa <strong data-start=\"6088\" data-end=\"6110\">gondoss\u00e1gi k\u00f6telem<\/strong> (nem eredm\u00e9nyfelel\u0151ss\u00e9g). A felel\u0151ss\u00e9g meg\u00edt\u00e9l\u00e9sekor az a m\u00e9rvad\u00f3, hogy a panzi\u00f3 <strong data-start=\"6192\" data-end=\"6238\">az adott helyzetben elv\u00e1rhat\u00f3 gondoss\u00e1ggal<\/strong> j\u00e1rt-e el.<\/p>\n<\/li>\n<\/ul>\n<h2>11. Adatkezel\u00e9s \u00e9s jognyilatkozatok<\/h2>\n<p>A panzi\u00f3 az adatokat kiz\u00e1r\u00f3lag az \u00e1llatok biztons\u00e1gos ell\u00e1t\u00e1sa \u00e9s a kapcsolattart\u00e1s c\u00e9lj\u00e1b\u00f3l kezeli.<br \/>\nAz adatokat harmadik f\u00e9lnek nem adjuk \u00e1t.<br \/>\nA vend\u00e9gek a panzi\u00f3ban k\u00e9sz\u00fclt fot\u00f3k \u00e9s vide\u00f3k felhaszn\u00e1l\u00e1s\u00e1hoz k\u00fcl\u00f6n hozz\u00e1j\u00e1rulhatnak, mely b\u00e1rmikor visszavonhat\u00f3.<\/p>\n<h2>12. Z\u00e1r\u00f3 rendelkez\u00e9sek \u00e9s online elfogad\u00e1s<\/h2>\n<p>A Szab\u00e1lyzat m\u00f3dos\u00edt\u00e1s\u00e1nak jog\u00e1t a Szolg\u00e1ltat\u00f3 fenntartja.<br \/>\nA mindenkori hat\u00e1lyos verzi\u00f3 el\u00e9rhet\u0151 a www.allatpanzio.com oldalon.<br \/>\nAz online jelentkez\u00e9si \u0171rlap kit\u00f6lt\u00e9s\u00e9vel a Gazdi kijelenti, hogy elolvasta, meg\u00e9rtette \u00e9s elfogadja a Monty \u00c1llatpanzi\u00f3 H\u00e1zirendj\u00e9t \u00e9s M\u0171k\u00f6d\u00e9si Szab\u00e1lyzat\u00e1t.<br \/>\nAz elfogad\u00e1s al\u00e1\u00edr\u00e1s n\u00e9lk\u00fcl is \u00e9rv\u00e9nyes \u00e9s k\u00f6telez\u0151 \u00e9rv\u00e9ny\u0171, mivel az \u0171rlap kit\u00f6lt\u00e9se a szolg\u00e1ltat\u00e1s ig\u00e9nybev\u00e9tel\u00e9nek felt\u00e9tele.<br \/>\nAz online elfogad\u00e1s a pap\u00edr alap\u00fa al\u00e1\u00edr\u00e1ssal azonos joghat\u00e1s\u00fa nyilatkozatnak min\u0151s\u00fcl.<\/p>\n<\/div><\/section><\/div>\n","protected":false},"excerpt":{"rendered":"","protected":false},"author":1,"featured_media":0,"parent":0,"menu_order":0,"comment_status":"closed","ping_status":"closed","template":"","meta":{"footnotes":""},"class_list":["post-824","page","type-page","status-publish","hentry"],"_links":{"self":[{"href":"https:\/\/www.allatpanzio.com\/index.php?rest_route=\/wp\/v2\/pages\/824","targetHints":{"allow":["GET"]}}],"collection":[{"href":"https:\/\/www.allatpanzio.com\/index.php?rest_route=\/wp\/v2\/pages"}],"about":[{"href":"https:\/\/www.allatpanzio.com\/index.php?rest_route=\/wp\/v2\/types\/page"}],"author":[{"embeddable":true,"href":"https:\/\/www.allatpanzio.com\/index.php?rest_route=\/wp\/v2\/users\/1"}],"replies":[{"embeddable":true,"href":"https:\/\/www.allatpanzio.com\/index.php?rest_route=%2Fwp%2Fv2%2Fcomments&post=824"}],"version-history":[{"count":6,"href":"https:\/\/www.allatpanzio.com\/index.php?rest_route=\/wp\/v2\/pages\/824\/revisions"}],"predecessor-version":[{"id":1488,"href":"https:\/\/www.allatpanzio.com\/index.php?rest_route=\/wp\/v2\/pages\/824\/revisions\/1488"}],"wp:attachment":[{"href":"https:\/\/www.allatpanzio.com\/index.php?rest_route=%2Fwp%2Fv2%2Fmedia&parent=824"}],"curies":[{"name":"wp","href":"https:\/\/api.w.org\/{rel}","templated":true}]}}