{"id":813,"date":"2023-09-14T16:51:44","date_gmt":"2023-09-14T15:51:44","guid":{"rendered":"https:\/\/www.allatpanzio.com\/?page_id=813"},"modified":"2024-11-22T04:20:35","modified_gmt":"2024-11-22T03:20:35","slug":"kutyaiskola","status":"publish","type":"page","link":"https:\/\/www.allatpanzio.com\/?page_id=813","title":{"rendered":"Kutyaiskola"},"content":{"rendered":"<div   class='avia-fullscreen-slider main_color   avia-builder-el-0  el_before_av_one_fourth  avia-builder-el-first  container_wrap fullsize'  ><div  class='avia-slideshow av-1qwvcl-38e1de1015459fc8da88499010ec4cc9 avia-slideshow-extra_large av_fullscreen avia-slide-slider av-slideshow-ui av-control-default av-slideshow-manual av-loop-once av-loop-manual-endless av-default-height-applied   avia-slideshow-1' data-slideshow-options=\"{&quot;animation&quot;:&quot;slide&quot;,&quot;autoplay&quot;:false,&quot;loop_autoplay&quot;:&quot;once&quot;,&quot;interval&quot;:5,&quot;loop_manual&quot;:&quot;manual-endless&quot;,&quot;autoplay_stopper&quot;:false,&quot;noNavigation&quot;:false,&quot;bg_slider&quot;:true,&quot;keep_padding&quot;:false,&quot;hoverpause&quot;:false,&quot;show_slide_delay&quot;:0,&quot;slide_height&quot;:&quot;100&quot;,&quot;image_attachment&quot;:&quot;&quot;}\"  itemprop=\"image\" itemscope=\"itemscope\" itemtype=\"https:\/\/schema.org\/ImageObject\" ><ul class='avia-slideshow-inner ' style='padding-bottom: 75%;'><li style='background-position:center center;' data-img-url='https:\/\/www.allatpanzio.com\/wp-content\/uploads\/2023\/10\/1-1-1500x1125.png' class='avia-slideshow-slide av-1qwvcl-38e1de1015459fc8da88499010ec4cc9__0  av-single-slide slide-1 slide-odd'><div data-rel='slideshow-1' class='avia-slide-wrap '   ><div class='av-slideshow-caption av-1qwvcl-38e1de1015459fc8da88499010ec4cc9__0 caption_fullwidth caption_bottom'><div class=\"container caption_container\"><div class=\"slideshow_caption\"><div class=\"slideshow_inner_caption\"><div class=\"slideshow_align_caption\"><h2 class='avia-caption-title '  itemprop=\"name\" >Monty Kutyaiskola<\/h2><\/div><\/div><\/div><\/div><\/div><\/div><\/li><\/ul><\/div><\/div><div id='after_full_slider_1'  class='main_color av_default_container_wrap container_wrap fullsize'  ><div class='container av-section-cont-open' ><div class='template-page content  av-content-full alpha units'><div class='post-entry post-entry-type-page post-entry-813'><div class='entry-content-wrapper clearfix'>\n<div class='flex_column av-11clpx-d7ed6a06c3c91bf397cde4ba3b711cc8 av_one_fourth  avia-builder-el-1  el_after_av_fullscreen  el_before_av_one_half  avia-builder-el-first  first flex_column_div '     ><p>\n<style type=\"text\/css\" data-created_by=\"avia_inline_auto\" id=\"style-css-av-xrcxx-bcfc4b01da59ac7e96e06b9b7b11834c\">\n.avia-image-container.av-xrcxx-bcfc4b01da59ac7e96e06b9b7b11834c img.avia_image{\nbox-shadow:none;\n}\n.avia-image-container.av-xrcxx-bcfc4b01da59ac7e96e06b9b7b11834c .av-image-caption-overlay-center{\ncolor:#ffffff;\n}\n<\/style>\n<div  class='avia-image-container av-xrcxx-bcfc4b01da59ac7e96e06b9b7b11834c av-styling- avia-align-center  avia-builder-el-2  el_before_av_image  avia-builder-el-first '   itemprop=\"image\" itemscope=\"itemscope\" itemtype=\"https:\/\/schema.org\/ImageObject\" ><div class=\"avia-image-container-inner\"><div class=\"avia-image-overlay-wrap\"><img decoding=\"async\" class='wp-image-957 avia-img-lazy-loading-not-957 avia_image ' src=\"https:\/\/www.allatpanzio.com\/wp-content\/uploads\/2023\/10\/2-3-225x300.png\" alt='' title='2'  height=\"300\" width=\"225\"  itemprop=\"thumbnailUrl\" srcset=\"https:\/\/www.allatpanzio.com\/wp-content\/uploads\/2023\/10\/2-3-225x300.png 225w, https:\/\/www.allatpanzio.com\/wp-content\/uploads\/2023\/10\/2-3-773x1030.png 773w, https:\/\/www.allatpanzio.com\/wp-content\/uploads\/2023\/10\/2-3-768x1024.png 768w, https:\/\/www.allatpanzio.com\/wp-content\/uploads\/2023\/10\/2-3-1152x1536.png 1152w, https:\/\/www.allatpanzio.com\/wp-content\/uploads\/2023\/10\/2-3-1125x1500.png 1125w, https:\/\/www.allatpanzio.com\/wp-content\/uploads\/2023\/10\/2-3-529x705.png 529w, https:\/\/www.allatpanzio.com\/wp-content\/uploads\/2023\/10\/2-3.png 1350w\" sizes=\"(max-width: 225px) 100vw, 225px\" \/><\/div><\/div><\/div><br \/>\n\n<style type=\"text\/css\" data-created_by=\"avia_inline_auto\" id=\"style-css-av-lnbothko-d741170e874ae9bf390e1d29fe5699f3\">\n.avia-image-container.av-lnbothko-d741170e874ae9bf390e1d29fe5699f3 img.avia_image{\nbox-shadow:none;\n}\n.avia-image-container.av-lnbothko-d741170e874ae9bf390e1d29fe5699f3 .av-image-caption-overlay-center{\ncolor:#ffffff;\n}\n<\/style>\n<div  class='avia-image-container av-lnbothko-d741170e874ae9bf390e1d29fe5699f3 av-styling- avia-align-center  avia-builder-el-3  el_after_av_image  avia-builder-el-last '   itemprop=\"image\" itemscope=\"itemscope\" itemtype=\"https:\/\/schema.org\/ImageObject\" ><div class=\"avia-image-container-inner\"><div class=\"avia-image-overlay-wrap\"><img decoding=\"async\" class='wp-image-956 avia-img-lazy-loading-not-956 avia_image ' src=\"https:\/\/www.allatpanzio.com\/wp-content\/uploads\/2023\/10\/1-4-225x300.png\" alt='' title='1'  height=\"300\" width=\"225\"  itemprop=\"thumbnailUrl\" srcset=\"https:\/\/www.allatpanzio.com\/wp-content\/uploads\/2023\/10\/1-4-225x300.png 225w, https:\/\/www.allatpanzio.com\/wp-content\/uploads\/2023\/10\/1-4-773x1030.png 773w, https:\/\/www.allatpanzio.com\/wp-content\/uploads\/2023\/10\/1-4-768x1024.png 768w, https:\/\/www.allatpanzio.com\/wp-content\/uploads\/2023\/10\/1-4-1152x1536.png 1152w, https:\/\/www.allatpanzio.com\/wp-content\/uploads\/2023\/10\/1-4-1125x1500.png 1125w, https:\/\/www.allatpanzio.com\/wp-content\/uploads\/2023\/10\/1-4-529x705.png 529w, https:\/\/www.allatpanzio.com\/wp-content\/uploads\/2023\/10\/1-4.png 1350w\" sizes=\"(max-width: 225px) 100vw, 225px\" \/><\/div><\/div><\/div><\/p><\/div><div class='flex_column av-swnl9-234c7825e506d0a1eacaf70b86c1937a av_one_half  avia-builder-el-4  el_after_av_one_fourth  el_before_av_one_fourth  flex_column_div '     ><style type=\"text\/css\" data-created_by=\"avia_inline_auto\" id=\"style-css-av-nk84d-53fbf810899b1576787884f3b7f4326a\">\n#top .av_textblock_section.av-nk84d-53fbf810899b1576787884f3b7f4326a .avia_textblock{\nfont-size:15px;\n}\n<\/style>\n<section  class='av_textblock_section av-nk84d-53fbf810899b1576787884f3b7f4326a'  itemscope=\"itemscope\" itemtype=\"https:\/\/schema.org\/CreativeWork\" ><div class='avia_textblock'  itemprop=\"text\" ><h1 style=\"text-align: center;\">Monty Kutyaiskola<\/h1>\n<p style=\"text-align: left;\"><strong>Iskol\u00e1nk alapelve:<\/strong> \u201enincs k\u00e9t egyforma Gazdi-Kutya P\u00e1ros\u201d ez\u00e9rt nem egyfajta<br \/>\ntan\u00edt\u00e1si m\u00f3dszert k\u00f6vet\u00fcnk.<br \/>\nTanulm\u00e1nyimat m\u00e1s-m\u00e1s alapelven m\u0171k\u00f6d\u0151 iskol\u00e1ban v\u00e9geztem. Ezekb\u0151l<br \/>\ngy\u00fartam \u00f6ssze a \u201eMontys m\u00f3dszert\u201d<\/p>\n<p>Az elm\u00falt \u00e9vek tapasztal\u00e1sai, tanulm\u00e1nyai alatt r\u00e1 kellett j\u00f6nn\u00f6m, hogy nem az a<br \/>\n\u201ej\u00f3\u201d kutya aki az engedelmes feladatokat megcsin\u00e1lja, hanem az, aki szocializ\u00e1lt<br \/>\n\u00e9s az alap feladatokat is tudja.<br \/>\nK\u00e9pz\u00e9seinkre legink\u00e1bb csal\u00e1di kuty\u00e1kkal j\u00e1rnak, akikkel szemben nincsenek<br \/>\nakkora elv\u00e1r\u00e1sok, csak annyi, hogy \u201eBuksi\u201d j\u00e1tsszon a t\u00f6bbi kuty\u00e1val \u00e9s<br \/>\nvisszaj\u00f6jj\u00f6n, ha h\u00edvja a Gazdi.<br \/>\nAmi nem baj, nem szeretne mindenki \u201emunkakuty\u00e1t\u201d. Csak az az egyszer\u0171nek<br \/>\nt\u0171n\u0151 dolog, hogy j\u00e1tsszon a t\u00f6bbi kuty\u00e1val nem j\u00f6n \u00f6ssze, mert vagy \u201eBuksi\u201d<br \/>\nt\u00e1mad ki a t\u00f6bbiekre, vagy \u0150t akarj\u00e1k megenni.<br \/>\nA kutyusok 80 % -a valamilyen viselked\u00e9si probl\u00e9m\u00e1val k\u00fczd, amit mi emberek<br \/>\n\u00e9s a p\u00f6rg\u0151 vil\u00e1gunk alak\u00edtott ki a t\u00falzott elv\u00e1r\u00e1sainkkal.<br \/>\nIskol\u00e1nk c\u00e9lja egy kiegyens\u00falyozott a csal\u00e1dba \u00e9s a t\u00e1rsadalomba beilleszthet\u0151<br \/>\nKutya- Gazdi k\u00e9pz\u00e9s. Ezek el\u00e9r\u00e9se \u00e9rdek\u00e9ben nagy hangs\u00falyt fektet\u00fcnk a<br \/>\nszocializ\u00e1ci\u00f3 minden form\u00e1j\u00e1ra.<br \/>\nMinden h\u00f3napban szintfelm\u00e9r\u00f3 \u00f3r\u00e1t tartunk, melyen a \u201er\u00e9gi\u201d tanul\u00f3k<br \/>\nvizsg\u00e1zhatnak \u00e9s magasabb oszt\u00e1lyokba l\u00e9phetnek, illetve az \u00fajonnan \u00e9rkez\u0151k<br \/>\negy csoportos \u00e9s ut\u00e1na egy egy\u00e9ni felm\u00e9r\u0151n vesznek r\u00e9szt, amikor k\u00f6z\u00f6sen<br \/>\nmeghat\u00e1rozzuk kuty\u00e1ja aktu\u00e1lis k\u00e9pess\u00e9gszintj\u00e9t, \u00e9s ez\u00e1ltal egy olyan tantervet<br \/>\nk\u00edn\u00e1lunk, amely kedvence szem\u00e9lyis\u00e9g\u00e9hez \u00e9s ig\u00e9nyeihez igazodik.<br \/>\nA szintfelm\u00e9r\u0151nk egy ingyenes esem\u00e9ny, amely sor\u00e1n megismerhetj\u00fck a kuty\u00e1ja<br \/>\nviselked\u00e9s\u00e9nek er\u0151ss\u00e9geit \u00e9s fejl\u0151d\u00e9si ter\u00fcleteit.<\/p>\n<\/div><\/section><\/div><\/p>\n<div class='flex_column av-dkbbx-efd97b7e09e76228b748afd51162b371 av_one_fourth  avia-builder-el-6  el_after_av_one_half  avia-builder-el-last  flex_column_div '     ><p>\n<style type=\"text\/css\" data-created_by=\"avia_inline_auto\" id=\"style-css-av-auen1-4fcf3792307cf8c88a704c4fd56e93fb\">\n.avia-image-container.av-auen1-4fcf3792307cf8c88a704c4fd56e93fb img.avia_image{\nbox-shadow:none;\n}\n.avia-image-container.av-auen1-4fcf3792307cf8c88a704c4fd56e93fb .av-image-caption-overlay-center{\ncolor:#ffffff;\n}\n<\/style>\n<div  class='avia-image-container av-auen1-4fcf3792307cf8c88a704c4fd56e93fb av-styling- avia-align-center  avia-builder-el-7  el_before_av_image  avia-builder-el-first '   itemprop=\"image\" itemscope=\"itemscope\" itemtype=\"https:\/\/schema.org\/ImageObject\" ><div class=\"avia-image-container-inner\"><div class=\"avia-image-overlay-wrap\"><img decoding=\"async\" class='wp-image-966 avia-img-lazy-loading-not-966 avia_image ' src=\"https:\/\/www.allatpanzio.com\/wp-content\/uploads\/2023\/10\/3-4-e1696420986763-300x251.png\" alt='' title='3'  height=\"251\" width=\"300\"  itemprop=\"thumbnailUrl\" srcset=\"https:\/\/www.allatpanzio.com\/wp-content\/uploads\/2023\/10\/3-4-e1696420986763-300x251.png 300w, https:\/\/www.allatpanzio.com\/wp-content\/uploads\/2023\/10\/3-4-e1696420986763-1030x861.png 1030w, https:\/\/www.allatpanzio.com\/wp-content\/uploads\/2023\/10\/3-4-e1696420986763-768x642.png 768w, https:\/\/www.allatpanzio.com\/wp-content\/uploads\/2023\/10\/3-4-e1696420986763-705x589.png 705w, https:\/\/www.allatpanzio.com\/wp-content\/uploads\/2023\/10\/3-4-e1696420986763.png 1350w\" sizes=\"(max-width: 300px) 100vw, 300px\" \/><\/div><\/div><\/div><br \/>\n\n<style type=\"text\/css\" data-created_by=\"avia_inline_auto\" id=\"style-css-av-lnbotncn-86de08c139de45c036fa4f4cf287c7fc\">\n.avia-image-container.av-lnbotncn-86de08c139de45c036fa4f4cf287c7fc img.avia_image{\nbox-shadow:none;\n}\n.avia-image-container.av-lnbotncn-86de08c139de45c036fa4f4cf287c7fc .av-image-caption-overlay-center{\ncolor:#ffffff;\n}\n<\/style>\n<div  class='avia-image-container av-lnbotncn-86de08c139de45c036fa4f4cf287c7fc av-styling- avia-align-center  avia-builder-el-8  el_after_av_image  avia-builder-el-last '   itemprop=\"image\" itemscope=\"itemscope\" itemtype=\"https:\/\/schema.org\/ImageObject\" ><div class=\"avia-image-container-inner\"><div class=\"avia-image-overlay-wrap\"><img decoding=\"async\" class='wp-image-967 avia-img-lazy-loading-not-967 avia_image ' src=\"https:\/\/www.allatpanzio.com\/wp-content\/uploads\/2023\/10\/4-4-e1696420970724-300x261.png\" alt='' title='4'  height=\"261\" width=\"300\"  itemprop=\"thumbnailUrl\" srcset=\"https:\/\/www.allatpanzio.com\/wp-content\/uploads\/2023\/10\/4-4-e1696420970724-300x261.png 300w, https:\/\/www.allatpanzio.com\/wp-content\/uploads\/2023\/10\/4-4-e1696420970724-1030x897.png 1030w, https:\/\/www.allatpanzio.com\/wp-content\/uploads\/2023\/10\/4-4-e1696420970724-768x669.png 768w, https:\/\/www.allatpanzio.com\/wp-content\/uploads\/2023\/10\/4-4-e1696420970724-705x614.png 705w, https:\/\/www.allatpanzio.com\/wp-content\/uploads\/2023\/10\/4-4-e1696420970724.png 1350w\" sizes=\"(max-width: 300px) 100vw, 300px\" \/><\/div><\/div><\/div><\/p><\/div>\n","protected":false},"excerpt":{"rendered":"","protected":false},"author":1,"featured_media":0,"parent":0,"menu_order":0,"comment_status":"closed","ping_status":"closed","template":"","meta":{"footnotes":""},"class_list":["post-813","page","type-page","status-publish","hentry"],"_links":{"self":[{"href":"https:\/\/www.allatpanzio.com\/index.php?rest_route=\/wp\/v2\/pages\/813","targetHints":{"allow":["GET"]}}],"collection":[{"href":"https:\/\/www.allatpanzio.com\/index.php?rest_route=\/wp\/v2\/pages"}],"about":[{"href":"https:\/\/www.allatpanzio.com\/index.php?rest_route=\/wp\/v2\/types\/page"}],"author":[{"embeddable":true,"href":"https:\/\/www.allatpanzio.com\/index.php?rest_route=\/wp\/v2\/users\/1"}],"replies":[{"embeddable":true,"href":"https:\/\/www.allatpanzio.com\/index.php?rest_route=%2Fwp%2Fv2%2Fcomments&post=813"}],"version-history":[{"count":10,"href":"https:\/\/www.allatpanzio.com\/index.php?rest_route=\/wp\/v2\/pages\/813\/revisions"}],"predecessor-version":[{"id":838,"href":"https:\/\/www.allatpanzio.com\/index.php?rest_route=\/wp\/v2\/pages\/813\/revisions\/838"}],"wp:attachment":[{"href":"https:\/\/www.allatpanzio.com\/index.php?rest_route=%2Fwp%2Fv2%2Fmedia&parent=813"}],"curies":[{"name":"wp","href":"https:\/\/api.w.org\/{rel}","templated":true}]}}