{"id":808,"date":"2023-09-14T16:32:18","date_gmt":"2023-09-14T15:32:18","guid":{"rendered":"https:\/\/www.allatpanzio.com\/?page_id=808"},"modified":"2024-11-22T04:12:28","modified_gmt":"2024-11-22T03:12:28","slug":"hirek-kutyaiskola","status":"publish","type":"page","link":"https:\/\/www.allatpanzio.com\/?page_id=808","title":{"rendered":"H\u00edrek"},"content":{"rendered":"<div   class='avia-fullscreen-slider main_color   avia-builder-el-0  el_before_av_textblock  avia-builder-el-first  container_wrap fullsize'  ><div  class='avia-slideshow av-3c9bs-d986ef663dd9ffdfa6eba50ee3149e75 avia-slideshow-extra_large av_fullscreen avia-slide-slider av-slideshow-ui av-control-default av-slideshow-manual av-loop-once av-loop-manual-endless av-default-height-applied   avia-slideshow-1' data-slideshow-options=\"{&quot;animation&quot;:&quot;slide&quot;,&quot;autoplay&quot;:false,&quot;loop_autoplay&quot;:&quot;once&quot;,&quot;interval&quot;:5,&quot;loop_manual&quot;:&quot;manual-endless&quot;,&quot;autoplay_stopper&quot;:false,&quot;noNavigation&quot;:false,&quot;bg_slider&quot;:true,&quot;keep_padding&quot;:false,&quot;hoverpause&quot;:false,&quot;show_slide_delay&quot;:0,&quot;slide_height&quot;:&quot;100&quot;,&quot;image_attachment&quot;:&quot;&quot;}\"  itemprop=\"image\" itemscope=\"itemscope\" itemtype=\"https:\/\/schema.org\/ImageObject\" ><ul class='avia-slideshow-inner ' style='padding-bottom: 47.266666666667%;'><li style='background-position:center center;' data-img-url='https:\/\/www.allatpanzio.com\/wp-content\/uploads\/2023\/10\/3-3-1500x709.png' class='avia-slideshow-slide av-3c9bs-d986ef663dd9ffdfa6eba50ee3149e75__0  av-single-slide slide-1 slide-odd'><div data-rel='slideshow-1' class='avia-slide-wrap '   ><div class='av-slideshow-caption av-3c9bs-d986ef663dd9ffdfa6eba50ee3149e75__0 caption_fullwidth caption_bottom'><div class=\"container caption_container\"><div class=\"slideshow_caption\"><div class=\"slideshow_inner_caption\"><div class=\"slideshow_align_caption\"><h2 class='avia-caption-title '  itemprop=\"name\" >Kutyaiskola h\u00edrek<\/h2><\/div><\/div><\/div><\/div><\/div><\/div><\/li><\/ul><\/div><\/div><div id='after_full_slider_1'  class='main_color av_default_container_wrap container_wrap fullsize'  ><div class='container av-section-cont-open' ><div class='template-page content  av-content-full alpha units'><div class='post-entry post-entry-type-page post-entry-808'><div class='entry-content-wrapper clearfix'>\n\n<style type=\"text\/css\" data-created_by=\"avia_inline_auto\" id=\"style-css-av-bwmeo-2f4f4594c5179d81ec2262f328e27b19\">\n#top .av_textblock_section.av-bwmeo-2f4f4594c5179d81ec2262f328e27b19 .avia_textblock{\nfont-size:40px;\ncolor:#71a819;\ntext-align:center;\n}\n<\/style>\n<section  class='av_textblock_section av-bwmeo-2f4f4594c5179d81ec2262f328e27b19'  itemscope=\"itemscope\" itemtype=\"https:\/\/schema.org\/CreativeWork\" ><div class='avia_textblock av_inherit_color'  itemprop=\"text\" ><p>PROGRAMAJ\u00c1NL\u00d3<\/p>\n<p><iframe style=\"relative: absolute; width: 310px; height: 259px; top: 0; left: 0; border: 8px; padding: 0; margin: 0;\" src=\"https:\/\/www.canva.com\/design\/DAGUMVA_MdM\/2qdBBdH2Lgn8sgxPSE_F9g\/view?embed\" allowfullscreen=\"allowfullscreen\"><br \/>\n<\/iframe><\/p>\n<p><iframe style=\"relative: absolute; width: 310px; height: 259px; top: 0; left: 0; border: 8px; padding: 0; margin: 0;\" src=\"https:\/\/www.canva.com\/design\/DAF-QZPsoKA\/pBYGfPUI96T_jWN-QdRwaQ\/view?embed\" allowfullscreen=\"allowfullscreen\"><br \/>\n<\/iframe><\/p>\n<\/div><\/section>\n<div class='flex_column av-gx6eo-ed500c98da0a6eddb507b219b61be4e4 av_one_full  avia-builder-el-2  el_after_av_textblock  el_before_av_one_full  first flex_column_div column-top-margin'     ><div  class='av-catalogue-container av-lmjcad5g-a2d429fcc67b5eb0bc0208e69f4143be  avia-builder-el-3  avia-builder-el-no-sibling '><ul class='av-catalogue-list'>\n<li><div class='av-catalogue-item av-9wltc-9a0d8fdc984c8890428f9a89630422b1'><div class=\"av-catalogue-item-inner\"><div class=\"av-catalogue-title-container\"><div class='av-catalogue-title'>FELH\u00cdV\u00c1S!<\/div><div class='av-catalogue-price'><\/div><\/div><div class=\"av-catalogue-content\">\nKedves Gazdik! Az novemberi Kutyaiskola tr\u00e9ningek tervezett id\u0151pontjait az \u00f3rarendben megtal\u00e1lhat\u00f3. Jelentkezni a \u00fczenetben, a regisztr\u00e1ci\u00f3s lap kit\u00f6lt\u00e9s\u00e9vel.<br \/>\n<\/div><\/div><\/div><\/li>\n<li><div class='av-catalogue-item av-9wltc-1-acef9ff9431e75e4edf190aa8a01bbfd'><div class=\"av-catalogue-item-inner\"><div class=\"av-catalogue-title-container\"><div class='av-catalogue-title'>Regisztr\u00e1ci\u00f3 \u00e9s Szintfelm\u00e9r\u0151!<\/div><div class='av-catalogue-price'><\/div><\/div><div class=\"av-catalogue-content\">\n<img loading=\"lazy\" decoding=\"async\" class=\"size-medium wp-image-732 aligncenter\" src=\"https:\/\/www.allatpanzio.com\/wp-content\/uploads\/2023\/07\/IMG_20230611_184838-COLLAGE-300x300.jpg\" alt=\"\" width=\"300\" height=\"300\" srcset=\"https:\/\/www.allatpanzio.com\/wp-content\/uploads\/2023\/07\/IMG_20230611_184838-COLLAGE-300x300.jpg 300w, https:\/\/www.allatpanzio.com\/wp-content\/uploads\/2023\/07\/IMG_20230611_184838-COLLAGE-1030x1030.jpg 1030w, https:\/\/www.allatpanzio.com\/wp-content\/uploads\/2023\/07\/IMG_20230611_184838-COLLAGE-80x80.jpg 80w, https:\/\/www.allatpanzio.com\/wp-content\/uploads\/2023\/07\/IMG_20230611_184838-COLLAGE-768x768.jpg 768w, https:\/\/www.allatpanzio.com\/wp-content\/uploads\/2023\/07\/IMG_20230611_184838-COLLAGE-1536x1536.jpg 1536w, https:\/\/www.allatpanzio.com\/wp-content\/uploads\/2023\/07\/IMG_20230611_184838-COLLAGE-36x36.jpg 36w, https:\/\/www.allatpanzio.com\/wp-content\/uploads\/2023\/07\/IMG_20230611_184838-COLLAGE-180x180.jpg 180w, https:\/\/www.allatpanzio.com\/wp-content\/uploads\/2023\/07\/IMG_20230611_184838-COLLAGE-1500x1500.jpg 1500w, https:\/\/www.allatpanzio.com\/wp-content\/uploads\/2023\/07\/IMG_20230611_184838-COLLAGE-705x705.jpg 705w, https:\/\/www.allatpanzio.com\/wp-content\/uploads\/2023\/07\/IMG_20230611_184838-COLLAGE.jpg 2047w\" sizes=\"auto, (max-width: 300px) 100vw, 300px\" \/><\/p>\n<div class=\"xdj266r x11i5rnm xat24cr x1mh8g0r x1vvkbs\">\n<div class=\"xdj266r x11i5rnm xat24cr x1mh8g0r x1vvkbs\">A k\u00f6vetkez\u0151 szintfelm\u00e9r\u0151nk 2024. November 10. vas\u00e1rnap 14:00-t\u00f3l.<\/div>\n<div>JELENTKEZ\u00c9S:<a href=\"https:\/\/forms.gle\/JNvEL29Yvj5o6WCm7\">ITT<\/a><\/div>\n<\/div>\n<div class=\"x11i5rnm xat24cr x1mh8g0r x1vvkbs xtlvy1s\">Ezen a napon a regisztr\u00e1ltak j\u00f6nnek beiratkozni \u00e9s a Kutyusukkal egy szintfelm\u00e9r\u0151 \u00f3r\u00e1n vesznek r\u00e9szt, ezut\u00e1n mindenki a k\u00e9pzetts\u00e9gi szintj\u00e9nek megfelel\u0151 csoportba fog ker\u00fclni.<\/div>\n<div class=\"x11i5rnm xat24cr x1mh8g0r x1vvkbs xtlvy1s\">A Szintfelm\u00e9r\u0151 \u00f3ra d\u00edjmentes.<\/div>\n<div class=\"x11i5rnm xat24cr x1mh8g0r x1vvkbs xtlvy1s\">N\u00e1lunk a suliban kicsik \u00e9s nagyok<br \/>\na SZOCIALIZ\u00c1CI\u00d3 \u00f3r\u00e1n, melyen hozz\u00e1szoktatjuk a k\u00fcl\u00f6nb\u00f6z\u0151 ingerekhez<br \/>\naz ALAP tanfolyamon \u00e1t, ahol a laza p\u00f3r\u00e1zon val\u00f3 s\u00e9t\u00e1t, alap vez\u00e9nyszavakat, beh\u00edv\u00e1s alapjait<br \/>\nK\u00d6Z\u00c9Pfokon: elm\u00e9ly\u00edtj\u00fck az alapokat, tov\u00e1bbi figyelmet \u00e9p\u00edt\u00fcnk, p\u00f3r\u00e1z n\u00e9lk\u00fcl hajtjuk v\u00e9gre a feladatokat.<br \/>\nN\u00d3ZI suliba beleszagolunk az egyik leg\u0151sibb \u00f6szt\u00f6nbe<br \/>\nHOOPERS tanfolyamon megtanuljuk a t\u00e1volr\u00f3l ir\u00e1ny\u00edt\u00e1s m\u0171v\u00e9szet\u00e9t<br \/>\nCOURSING edz\u00e9seken el\u0151hozzuk a vad\u00e1sz\u00f6szt\u00f6nt.<\/div>\n<div class=\"x11i5rnm xat24cr x1mh8g0r x1vvkbs xtlvy1s\">\u00c9rdekl\u0151dni \u00fczenetben, telefonon: 0670-595-6931<\/div>\n<\/div><\/div><\/div><\/li>\n<\/ul><\/div><\/div><div class='flex_column av-cq780-bb3a1a1e7a8e9eb517b7cfedd6ed6d28 av_one_full  avia-builder-el-4  el_after_av_one_full  el_before_av_one_half  first flex_column_div column-top-margin'     ><\/div><\/p>\n<div class='flex_column av-9ygy0-151aea7a0ad391e6d68fcc192b6ae975 av_one_half  avia-builder-el-5  el_after_av_one_full  avia-builder-el-last  first flex_column_div column-top-margin'     ><\/div>\n","protected":false},"excerpt":{"rendered":"","protected":false},"author":1,"featured_media":0,"parent":0,"menu_order":0,"comment_status":"closed","ping_status":"closed","template":"","meta":{"footnotes":""},"class_list":["post-808","page","type-page","status-publish","hentry"],"_links":{"self":[{"href":"https:\/\/www.allatpanzio.com\/index.php?rest_route=\/wp\/v2\/pages\/808","targetHints":{"allow":["GET"]}}],"collection":[{"href":"https:\/\/www.allatpanzio.com\/index.php?rest_route=\/wp\/v2\/pages"}],"about":[{"href":"https:\/\/www.allatpanzio.com\/index.php?rest_route=\/wp\/v2\/types\/page"}],"author":[{"embeddable":true,"href":"https:\/\/www.allatpanzio.com\/index.php?rest_route=\/wp\/v2\/users\/1"}],"replies":[{"embeddable":true,"href":"https:\/\/www.allatpanzio.com\/index.php?rest_route=%2Fwp%2Fv2%2Fcomments&post=808"}],"version-history":[{"count":30,"href":"https:\/\/www.allatpanzio.com\/index.php?rest_route=\/wp\/v2\/pages\/808\/revisions"}],"predecessor-version":[{"id":1270,"href":"https:\/\/www.allatpanzio.com\/index.php?rest_route=\/wp\/v2\/pages\/808\/revisions\/1270"}],"wp:attachment":[{"href":"https:\/\/www.allatpanzio.com\/index.php?rest_route=%2Fwp%2Fv2%2Fmedia&parent=808"}],"curies":[{"name":"wp","href":"https:\/\/api.w.org\/{rel}","templated":true}]}}