{"id":802,"date":"2023-09-14T16:26:29","date_gmt":"2023-09-14T15:26:29","guid":{"rendered":"https:\/\/www.allatpanzio.com\/?page_id=802"},"modified":"2024-11-22T04:18:17","modified_gmt":"2024-11-22T03:18:17","slug":"kapcsolat-kutyaiskola","status":"publish","type":"page","link":"https:\/\/www.allatpanzio.com\/?page_id=802","title":{"rendered":"Kapcsolat"},"content":{"rendered":"<div class='flex_column av-crklm-94241e88d9f7cabb071f436929bb561f av_one_half  avia-builder-el-0  el_before_av_one_half  avia-builder-el-first  first flex_column_div '     ><section  class='av_textblock_section av-lmjboj0c-e2491a10f85cd1cba5af453385d32c28'  itemscope=\"itemscope\" itemtype=\"https:\/\/schema.org\/CreativeWork\" ><div class='avia_textblock'  itemprop=\"text\" ><h1 style=\"text-align: center;\"><strong>Kapcsolat<\/strong><\/h1>\n<p>R\u00e1koscsaba- \u00dajtelep<br \/>\nGPS: G74P+G2 Budapest<\/p>\n<p>Hogyan jutsz el hozz\u00e1nk:<\/p>\n<p>Budapest XVII. ker\u00fclet hat\u00e1r\u00e1ban, R\u00e1koscsaba- \u00dajtelep. Az M0, M31 es<br \/>\ncsom\u00f3pont k\u00f6zel\u00e9ben tal\u00e1lhat\u00f3 a R\u00e1kosliget- Nagytarcsa lehajt\u00f3 k\u00f6zel\u00e9ben,<br \/>\nez\u00e9rt aut\u00f3val rendk\u00edv\u00fcl k\u00f6nnyen \u00e9s gyorsan megtal\u00e1lhat\u00f3. BKV- val is hasonl\u00f3 a<br \/>\nhelyzet, mert az ingatlant\u00f3l 850 m\u00e9terre \u00e1ll meg a 176 E (ami az \u00d6rs vez\u00e9r t\u00e9rr\u0151l<br \/>\nindul )R\u00e1koscsaba- \u00dajtelep, T\u00f3alm\u00e1s utca-i meg\u00e1ll\u00f3n\u00e1l \u00e9s a 198- as busz, gyalog<br \/>\n10 perc s\u00e9t\u00e1val.<\/p>\n<\/div><\/section><br \/>\n<div  class='avia-icon-list-container av-s6c1u-2bb9b9d22dddf7d4dde11a99db12d1a4  avia-builder-el-2  el_after_av_textblock  avia-builder-el-last '><ul class='avia-icon-list avia_animate_when_almost_visible avia-icon-list-left av-iconlist-big av-s6c1u-2bb9b9d22dddf7d4dde11a99db12d1a4 avia-iconlist-animate'>\n<li><div class='iconlist_icon av-ioas2-a40a7b53ae1c7f90754fb2833ab18906 avia-font-entypo-fontello'><span class='iconlist-char' aria-hidden='true' data-av_icon='\ue842' data-av_iconfont='entypo-fontello'><\/span><\/div><article class=\"article-icon-entry \"  itemscope=\"itemscope\" itemtype=\"https:\/\/schema.org\/CreativeWork\" ><div class=\"iconlist_content_wrap\"><header class=\"entry-content-header\"><h4 class='av_iconlist_title iconlist_title  '  itemprop=\"headline\" >C\u00edm<\/h4><\/header><div class='iconlist_content '  itemprop=\"text\" ><p>Budapest k\u00fclter\u00fclet, 1172<\/p>\n<p>G74P+G2<\/p>\n<\/div><\/div><footer class=\"entry-footer\"><\/footer><\/article><div class=\"iconlist-timeline\"><\/div><\/li>\n<li><div class='iconlist_icon av-ejtve-502a7c49fc7762d224b44c62d898c229 avia-font-entypo-fontello'><span class='iconlist-char' aria-hidden='true' data-av_icon='\ue854' data-av_iconfont='entypo-fontello'><\/span><\/div><article class=\"article-icon-entry \"  itemscope=\"itemscope\" itemtype=\"https:\/\/schema.org\/CreativeWork\" ><div class=\"iconlist_content_wrap\"><header class=\"entry-content-header\"><h4 class='av_iconlist_title iconlist_title  '  itemprop=\"headline\" >Telefon<\/h4><\/header><div class='iconlist_content '  itemprop=\"text\" ><p>Tel.:06-70\/595-6931<\/p>\n<\/div><\/div><footer class=\"entry-footer\"><\/footer><\/article><div class=\"iconlist-timeline\"><\/div><\/li>\n<li><div class='iconlist_icon av-bq1iq-c2a1943208042c37450426f8676f6daa avia-font-entypo-fontello'><span class='iconlist-char' aria-hidden='true' data-av_icon='\ue805' data-av_iconfont='entypo-fontello'><\/span><\/div><article class=\"article-icon-entry \"  itemscope=\"itemscope\" itemtype=\"https:\/\/schema.org\/CreativeWork\" ><div class=\"iconlist_content_wrap\"><header class=\"entry-content-header\"><h4 class='av_iconlist_title iconlist_title  '  itemprop=\"headline\" >E-mail<\/h4><\/header><div class='iconlist_content '  itemprop=\"text\" ><p><a href=\"mailto:montykutyaiskola@gmail.com\" target=\"_blank\" rel=\"noopener\">montykutyaiskola@gmail.com<\/a><\/p>\n<\/div><\/div><footer class=\"entry-footer\"><\/footer><\/article><div class=\"iconlist-timeline\"><\/div><\/li>\n<\/ul><\/div><\/p><\/div><div class='flex_column av-dgvv6-0306e09052867d9e0ddd8b2989fa4338 av_one_half  avia-builder-el-3  el_after_av_one_half  avia-builder-el-last  flex_column_div '     ><section  class='av_textblock_section av-b01ka-fd5b9555b121d07bef40b702c5b078bf'  itemscope=\"itemscope\" itemtype=\"https:\/\/schema.org\/CreativeWork\" ><div class='avia_textblock'  itemprop=\"text\" ><p><iframe loading=\"lazy\" style=\"border: 0;\" tabindex=\"0\" src=\"https:\/\/www.google.com\/maps\/embed?pb=!1m18!1m12!1m3!1d2695.158699582622!2d19.282540776750857!3d47.50630049489779!2m3!1f0!2f0!3f0!3m2!1i1024!2i768!4f13.1!3m3!1m2!1s0x4741c7612cfb00ff%3A0x5adc1809e20c42a8!2sMonty%20Kutyaiskola%20R%C3%A1koscsaba!5e0!3m2!1shu!2shu!4v1695044184441!5m2!1shu!2shu\" width=\"100%\" height=\"450\" frameborder=\"0\" allowfullscreen=\"allowfullscreen\"><\/iframe><\/p>\n<\/div><\/section><\/div><\/p>\n","protected":false},"excerpt":{"rendered":"","protected":false},"author":1,"featured_media":0,"parent":0,"menu_order":0,"comment_status":"closed","ping_status":"closed","template":"","meta":{"footnotes":""},"class_list":["post-802","page","type-page","status-publish","hentry"],"_links":{"self":[{"href":"https:\/\/www.allatpanzio.com\/index.php?rest_route=\/wp\/v2\/pages\/802","targetHints":{"allow":["GET"]}}],"collection":[{"href":"https:\/\/www.allatpanzio.com\/index.php?rest_route=\/wp\/v2\/pages"}],"about":[{"href":"https:\/\/www.allatpanzio.com\/index.php?rest_route=\/wp\/v2\/types\/page"}],"author":[{"embeddable":true,"href":"https:\/\/www.allatpanzio.com\/index.php?rest_route=\/wp\/v2\/users\/1"}],"replies":[{"embeddable":true,"href":"https:\/\/www.allatpanzio.com\/index.php?rest_route=%2Fwp%2Fv2%2Fcomments&post=802"}],"version-history":[{"count":10,"href":"https:\/\/www.allatpanzio.com\/index.php?rest_route=\/wp\/v2\/pages\/802\/revisions"}],"predecessor-version":[{"id":1275,"href":"https:\/\/www.allatpanzio.com\/index.php?rest_route=\/wp\/v2\/pages\/802\/revisions\/1275"}],"wp:attachment":[{"href":"https:\/\/www.allatpanzio.com\/index.php?rest_route=%2Fwp%2Fv2%2Fmedia&parent=802"}],"curies":[{"name":"wp","href":"https:\/\/api.w.org\/{rel}","templated":true}]}}