{"id":495,"date":"2022-08-01T23:38:38","date_gmt":"2022-08-01T22:38:38","guid":{"rendered":"https:\/\/www.allatpanzio.com\/?page_id=495"},"modified":"2026-04-30T19:50:36","modified_gmt":"2026-04-30T18:50:36","slug":"araink","status":"publish","type":"page","link":"https:\/\/www.allatpanzio.com\/?page_id=495","title":{"rendered":"\u00c1raink"},"content":{"rendered":"<div class='flex_column av-7sn07-592dd0933fbc04b966fa3c38eac6047a av_one_full  avia-builder-el-0  el_before_av_one_full  avia-builder-el-first  first flex_column_div '     ><style type=\"text\/css\" data-created_by=\"avia_inline_auto\" id=\"style-css-av-l6bcifxf-0de67f2c4cfd42564845cf2bbed65016\">\n#top .av-special-heading.av-l6bcifxf-0de67f2c4cfd42564845cf2bbed65016{\npadding-bottom:10px;\ncolor:#74a81f;\nfont-size:20px;\n}\nbody .av-special-heading.av-l6bcifxf-0de67f2c4cfd42564845cf2bbed65016 .av-special-heading-tag .heading-char{\nfont-size:25px;\n}\n#top #wrap_all .av-special-heading.av-l6bcifxf-0de67f2c4cfd42564845cf2bbed65016 .av-special-heading-tag{\nfont-size:20px;\n}\n.av-special-heading.av-l6bcifxf-0de67f2c4cfd42564845cf2bbed65016 .special-heading-inner-border{\nborder-color:#74a81f;\n}\n.av-special-heading.av-l6bcifxf-0de67f2c4cfd42564845cf2bbed65016 .av-subheading{\nfont-size:15px;\n}\n\n@media only screen and (min-width: 480px) and (max-width: 767px){ \n#top #wrap_all .av-special-heading.av-l6bcifxf-0de67f2c4cfd42564845cf2bbed65016 .av-special-heading-tag{\nfont-size:0.8em;\n}\n}\n\n@media only screen and (max-width: 479px){ \n#top #wrap_all .av-special-heading.av-l6bcifxf-0de67f2c4cfd42564845cf2bbed65016 .av-special-heading-tag{\nfont-size:0.8em;\n}\n}\n<\/style>\n<div  class='av-special-heading av-l6bcifxf-0de67f2c4cfd42564845cf2bbed65016 av-special-heading-h3 custom-color-heading blockquote modern-quote modern-centered  avia-builder-el-1  avia-builder-el-no-sibling  av-inherit-size'><h3 class='av-special-heading-tag'  itemprop=\"headline\"  >Monty \u00c1llatpanzi\u00f3 2026.m\u00e1jus 01-t\u0151l \u00e9rv\u00e9nyes \u00e1rlista<\/h3><div class=\"special-heading-border\"><div class=\"special-heading-inner-border\"><\/div><\/div><\/div><\/div><div class='flex_column av-9od9z-e562127cacc2414e52110a79ad7d2799 av_one_full  avia-builder-el-2  el_after_av_one_full  el_before_av_one_full  first flex_column_div column-top-margin'     ><div  class='avia-table av-4faasn-b8124aa525ef477f035aa2b15bf552ce main_color avia-pricing-table-container avia_pricing_default  avia-builder-el-3  avia-builder-el-no-sibling  avia-table-1'  itemscope=\"itemscope\" itemtype=\"https:\/\/schema.org\/Table\" ><div class=\"pricing-table-wrap\"><ul class='pricing-table '><li class=''><div class='first-table-item'>Kutya<\/div><span class='pricing-extra'><\/span><\/li><li class=''>Kutya<\/li><li class=''>Kutya<\/li><li class=''>Kutya<\/li><li class=''>Macska<\/li><li class=''>Mad\u00e1r<\/li><li class=''>R\u00e1gcs\u00e1l\u00f3<\/li><\/ul><\/div><div class=\"pricing-table-wrap\"><ul class='pricing-table '><li class=''><div class='first-table-item'>panzi\u00f3<\/div><span class='pricing-extra'><\/span><\/li><li class=''>napk\u00f6zi<\/li><li class=''>napk\u00f6zi<\/li><li class=''>napk\u00f6zi<\/li><li class=''>lak\u00f3t\u00e9rben<\/li><li class=''>kalitka<\/li><li class=''>ketrec<\/li><\/ul><\/div><div class=\"pricing-table-wrap\"><ul class='pricing-table '><li class=''><div class='first-table-item'>7500Ft \/ minden megkezdett nap<\/div><span class='pricing-extra'><\/span><\/li><li class=''>5000Ft\/ nap<\/li><li class=''>45.000Ft\/ 10 alkalmas b\u00e9rlet<\/li><li class=''>80.000Ft\/ 20 alkalmas b\u00e9rlet<\/li><li class=''>3500Ft\/ minden megkezdett nap<\/li><li class=''>2000Ft \/ nap<\/li><li class=''>2000Ft \/ nap<\/li><\/ul><\/div><div class=\"pricing-table-wrap\"><ul class='pricing-table '><li class=''><div class='first-table-item'>+500 Ft napi pr\u00e9mium min\u0151s\u00e9g\u0171 eledel<\/div><span class='pricing-extra'><\/span><\/li><li class=''>&#8211;<\/li><li class=''>&#8211;<\/li><li class=''>&#8211;<\/li><li class=''>+300 Ft napi pr\u00e9mium min\u0151s\u00e9g\u0171 eledel<\/li><li class=''>&#8211;<\/li><li class=''>&#8211;<\/li><\/ul><\/div><\/div><\/div><div class='flex_column av-aa3on-1c105cd293b46b9879406d39236255e0 av_one_full  avia-builder-el-4  el_after_av_one_full  avia-builder-el-last  first flex_column_div column-top-margin'     ><section  class='av_textblock_section av-l6bcmeuy-3998cde5839c55c0f1450432e8b860ab'  itemscope=\"itemscope\" itemtype=\"https:\/\/schema.org\/CreativeWork\" ><div class='avia_textblock'  itemprop=\"text\" ><p>\u00c1raink Forintban \u00e9rtend\u0151ek. Minden megkezdett nap eg\u00e9sz napnak sz\u00e1m\u00edt.<br \/>\n<strong>Fizet\u00e9s<\/strong><br \/>\nA szolg\u00e1ltat\u00e1s k\u00f6lts\u00e9g\u00e9nek 50%-\u00e1t az id\u0151pont foglal\u00e1sakor esed\u00e9kes fizetni, ekkor lesz v\u00e9gleges\u00edtve \u00e9s visszaigazolva a foglal\u00e1s. A fennmarad\u00f3 50%- ot \u00e9s sz\u00fcks\u00e9g szerint az esetleges plusz k\u00f6lts\u00e9geket pedig, amikor \u00e1tadjuk a kutyust a panzi\u00f3 v\u00e9g\u00e9n. Ez al\u00f3l kiv\u00e9telt k\u00e9pez a \u201d hossz\u00fa t\u00e1v\u00fa panzi\u00f3\u201d.<\/p>\n<p>Utal\u00e1ssal tud foglalni a megadott sz\u00e1mla sz\u00e1mra, illetve a helysz\u00ednen k\u00e9szp\u00e9nzzel, vagy k\u00e1rty\u00e1val tudja kiegyenl\u00edteni a fennmarad\u00f3 \u00f6sszeget.<\/p>\n<p><strong> Id\u0151pontok lemond\u00e1sa<\/strong>:<\/p>\n<p><strong>Lemond\u00e1si d\u00edjat sz\u00e1molunk fel az al\u00e1bbiak szerint:<\/strong><\/p>\n<p>\u2013 a panzi\u00f3 els\u0151 napja el\u0151tt k\u00e9t h\u00e9ttel val\u00f3 lemond\u00e1s eset\u00e9n a teljes \u00e1r 25%-\u00e1t<br \/>\n\u2013 egy h\u00e9ttel el\u0151tte t\u00f6rt\u00e9n\u0151 lemond\u00e1s eset\u00e9n a teljes \u00e1r 50%-\u00e1t sz\u00e1molunk fel<\/p>\n<p>A napk\u00f6zi d\u00edja a napk\u00f6zibe lead\u00e1s el\u0151tt fizetend\u0151.<\/p>\n<p>A napk\u00f6zi lemond\u00e1sa 24 \u00f3r\u00e1val a foglalt id\u0151pont el\u0151tt t\u00f6rt\u00e9nik, a d\u00edj 50%-\u00e1t,<\/p>\n<p>ha 12 \u00f3r\u00e1n bel\u00fcl t\u00f6rt\u00e9nik a teljes d\u00edjat, azaz +1 napot a k\u00f6vetkez\u0151 alkalommal meg kell fizetni.<\/p>\n<\/div><\/section><\/div><\/p>\n","protected":false},"excerpt":{"rendered":"","protected":false},"author":1,"featured_media":0,"parent":0,"menu_order":0,"comment_status":"closed","ping_status":"closed","template":"","meta":{"footnotes":""},"class_list":["post-495","page","type-page","status-publish","hentry"],"_links":{"self":[{"href":"https:\/\/www.allatpanzio.com\/index.php?rest_route=\/wp\/v2\/pages\/495","targetHints":{"allow":["GET"]}}],"collection":[{"href":"https:\/\/www.allatpanzio.com\/index.php?rest_route=\/wp\/v2\/pages"}],"about":[{"href":"https:\/\/www.allatpanzio.com\/index.php?rest_route=\/wp\/v2\/types\/page"}],"author":[{"embeddable":true,"href":"https:\/\/www.allatpanzio.com\/index.php?rest_route=\/wp\/v2\/users\/1"}],"replies":[{"embeddable":true,"href":"https:\/\/www.allatpanzio.com\/index.php?rest_route=%2Fwp%2Fv2%2Fcomments&post=495"}],"version-history":[{"count":15,"href":"https:\/\/www.allatpanzio.com\/index.php?rest_route=\/wp\/v2\/pages\/495\/revisions"}],"predecessor-version":[{"id":1540,"href":"https:\/\/www.allatpanzio.com\/index.php?rest_route=\/wp\/v2\/pages\/495\/revisions\/1540"}],"wp:attachment":[{"href":"https:\/\/www.allatpanzio.com\/index.php?rest_route=%2Fwp%2Fv2%2Fmedia&parent=495"}],"curies":[{"name":"wp","href":"https:\/\/api.w.org\/{rel}","templated":true}]}}