{"id":445,"date":"2022-08-01T20:31:15","date_gmt":"2022-08-01T19:31:15","guid":{"rendered":"https:\/\/www.allatpanzio.com\/?page_id=445"},"modified":"2025-07-26T14:19:42","modified_gmt":"2025-07-26T13:19:42","slug":"blog","status":"publish","type":"page","link":"https:\/\/www.allatpanzio.com\/?page_id=445","title":{"rendered":"T\u00faletet\u00e9s szeretetb\u0151l \u2013 amikor a j\u00f3 sz\u00e1nd\u00e9k \u00e1rt a kuty\u00e1nknak"},"content":{"rendered":"<p data-start=\"270\" data-end=\"573\">Sok gazdi a legjobbat szeretn\u00e9 kedvenc\u00e9nek. Finom falatokkal, extra jutalomfalatokkal, marad\u00e9kokkal, dupla adag vacsor\u00e1val pr\u00f3b\u00e1lj\u00e1k kifejezni szeretet\u00fcket. De ahogyan az emberekn\u00e9l, a kuty\u00e1kn\u00e1l is igaz: a t\u00fal sok \u00e9tel, a kev\u00e9s mozg\u00e1ssal p\u00e1rosulva hossz\u00fa t\u00e1von komoly eg\u00e9szs\u00e9g\u00fcgyi probl\u00e9m\u00e1khoz vezethet.<\/p>\n<h3 data-start=\"575\" data-end=\"617\"><strong data-start=\"579\" data-end=\"617\">A szeretet nem kal\u00f3ri\u00e1kban m\u00e9rhet\u0151<\/strong><\/h3>\n<p data-start=\"619\" data-end=\"902\">A Monty Kutyaiskol\u00e1ban gyakran tal\u00e1lkozunk olyan kuty\u00e1kkal, akik t\u00fals\u00falyosak, enerv\u00e1ltak, nehezen mozognak, \u00e9s a gazdik nem \u00e9rtik, mi lehet a gond. Hiszen &#8220;csak j\u00f3l tartjuk&#8221;, &#8220;mindig kap egy kis pluszt, mert olyan aranyos&#8221;, vagy &#8220;nem eszik meg a t\u00e1pot, de ha f\u0151z\u00f6k neki, akkor igen&#8221;.<\/p>\n<p data-start=\"904\" data-end=\"1024\">A val\u00f3s\u00e1g az, hogy a legt\u00f6bb esetben nem a kutya v\u00e1logat\u00f3s, hanem a napi rutin, a mozg\u00e1s \u00e9s az \u00e9trend nincs \u00f6sszhangban.<\/p>\n<h3 data-start=\"1026\" data-end=\"1093\"><strong data-start=\"1030\" data-end=\"1093\">Feln\u0151tt kuty\u00e1nak \u2013 mi\u00e9rt felesleges a napi k\u00e9tszeri etet\u00e9s?<\/strong><\/h3>\n<p data-start=\"1095\" data-end=\"1418\">Eg\u00e9szs\u00e9ges, feln\u0151tt kuty\u00e1nak \u2013 aki nem dolgozik (pl. szolg\u00e1lati, sportkutyak\u00e9nt), nem vemhes vagy szoptat, nem beteg, \u00e9s nem hajlamos gyomorcsavarod\u00e1sra \u2013 \u00e1ltal\u00e1ban nincs sz\u00fcks\u00e9ge napi k\u00e9tszeri etet\u00e9sre. A napi egy, j\u00f3l kisz\u00e1molt, min\u0151s\u00e9gi eledel elegend\u0151 t\u00e1panyagot biztos\u00edt sz\u00e1m\u00e1ra, ha a testmozg\u00e1sa is ar\u00e1nyban van vele.<\/p>\n<p data-start=\"1420\" data-end=\"1577\">Term\u00e9szetesen vannak kiv\u00e9telek, \u00e9s bizonyos egyedekn\u00e9l vagy eg\u00e9szs\u00e9gi \u00e1llapot eset\u00e9n indokolt a kisebb adagokban t\u00f6rt\u00e9n\u0151 etet\u00e9s, de ez nem \u00e1ltal\u00e1nos szab\u00e1ly.<\/p>\n<h3 data-start=\"1579\" data-end=\"1630\"><strong data-start=\"1583\" data-end=\"1630\">Mozg\u00e1s \u00e9s t\u00e1pl\u00e1lkoz\u00e1s: legyen egyens\u00falyban!<\/strong><\/h3>\n<p data-start=\"1632\" data-end=\"1969\">A tr\u00e9ningeken nem csak engedelmess\u00e9gi feladatokat gyakorlunk, hanem mindig sz\u00f3 esik az eg\u00e9szs\u00e9ges \u00e9letm\u00f3dr\u00f3l is. Egy t\u00faletetett, t\u00fals\u00falyos kutya nem fogja \u00e9lvezni a tr\u00e9ninget, nem tud koncentr\u00e1lni, \u00e9s k\u00f6nnyebben s\u00e9r\u00fcl. Egy j\u00f3l kondicion\u00e1lt, kiegyens\u00falyozott \u00e9trenden tartott kutya viszont sz\u00edvesen dolgozik, akt\u00edv, mozg\u00e9kony \u2013 \u00e9s boldog.<\/p>\n<h3 data-start=\"1971\" data-end=\"2014\"><strong data-start=\"1975\" data-end=\"2014\">A t\u00fals\u00faly k\u00f6vetkezm\u00e9nyei kuty\u00e1kn\u00e1l:<\/strong><\/h3>\n<ul data-start=\"2016\" data-end=\"2142\">\n<li data-start=\"2016\" data-end=\"2037\">\n<p data-start=\"2018\" data-end=\"2037\">\u00edz\u00fcleti probl\u00e9m\u00e1k<\/p>\n<\/li>\n<li data-start=\"2038\" data-end=\"2055\">\n<p data-start=\"2040\" data-end=\"2055\">cukorbetegs\u00e9g<\/p>\n<\/li>\n<li data-start=\"2056\" data-end=\"2095\">\n<p data-start=\"2058\" data-end=\"2095\">sz\u00edv- \u00e9s \u00e9rrendszeri megbeteged\u00e9sek<\/p>\n<\/li>\n<li data-start=\"2096\" data-end=\"2118\">\n<p data-start=\"2098\" data-end=\"2118\">l\u00e9gz\u00e9si neh\u00e9zs\u00e9gek<\/p>\n<\/li>\n<li data-start=\"2119\" data-end=\"2142\">\n<p data-start=\"2121\" data-end=\"2142\">r\u00f6videbb \u00e9lettartam<\/p>\n<\/li>\n<\/ul>\n<h3 data-start=\"2144\" data-end=\"2174\"><strong data-start=\"2148\" data-end=\"2174\">Mit tehetsz Gazdik\u00e9nt?<\/strong><\/h3>\n<ul data-start=\"2176\" data-end=\"2441\">\n<li data-start=\"2176\" data-end=\"2227\">\n<p data-start=\"2178\" data-end=\"2227\">M\u00e9rd ki pontosan az adagokat \u2013 ne szemm\u00e9rt\u00e9kre!<\/p>\n<\/li>\n<li data-start=\"2228\" data-end=\"2277\">\n<p data-start=\"2230\" data-end=\"2277\">Ne adj felesleges jutalomfalatokat \u201ecsak \u00fagy\u201d<\/p>\n<\/li>\n<li data-start=\"2278\" data-end=\"2355\">\n<p data-start=\"2280\" data-end=\"2355\">Mozgasd kuty\u00e1d rendszeresen, kor\u00e1nak \u00e9s eg\u00e9szs\u00e9gi \u00e1llapot\u00e1nak megfelel\u0151en<\/p>\n<\/li>\n<li data-start=\"2356\" data-end=\"2441\">\n<p data-start=\"2358\" data-end=\"2441\">K\u00e9rj tan\u00e1csot szakembert\u0151l, ha nem vagy biztos az \u00e9trendben vagy a mennyis\u00e9gekben<\/p>\n<\/li>\n<\/ul>\n<hr data-start=\"2443\" data-end=\"2446\" \/>\n<h3 data-start=\"2448\" data-end=\"2746\">A Monty Kutyaiskol\u00e1ban hisz\u00fcnk abban, hogy a felel\u0151s kutyatart\u00e1s nemcsak a p\u00f3r\u00e1zhaszn\u00e1latr\u00f3l vagy a beh\u00edv\u00e1sr\u00f3l sz\u00f3l, hanem a mindennapi d\u00f6nt\u00e9sekr\u0151l is. Ne feledd: a legnagyobb szeretet az, ha kuty\u00e1d hossz\u00fa, eg\u00e9szs\u00e9ges, boldog \u00e9letet \u00e9lhet melletted \u2013 nem pedig egy extra adag vacsor\u00e1ban rejlik.<\/h3>\n","protected":false},"excerpt":{"rendered":"<p>Sok gazdi a legjobbat szeretn\u00e9 kedvenc\u00e9nek. Finom falatokkal, extra jutalomfalatokkal, marad\u00e9kokkal, dupla adag vacsor\u00e1val pr\u00f3b\u00e1lj\u00e1k kifejezni szeretet\u00fcket. De ahogyan az emberekn\u00e9l, a kuty\u00e1kn\u00e1l is igaz: a t\u00fal sok \u00e9tel, a kev\u00e9s mozg\u00e1ssal p\u00e1rosulva hossz\u00fa t\u00e1von komoly eg\u00e9szs\u00e9g\u00fcgyi probl\u00e9m\u00e1khoz vezethet. A szeretet nem kal\u00f3ri\u00e1kban m\u00e9rhet\u0151 A Monty Kutyaiskol\u00e1ban gyakran tal\u00e1lkozunk olyan kuty\u00e1kkal, akik t\u00fals\u00falyosak, enerv\u00e1ltak, nehezen [&hellip;]<\/p>\n","protected":false},"author":1,"featured_media":0,"parent":0,"menu_order":0,"comment_status":"closed","ping_status":"closed","template":"","meta":{"footnotes":""},"class_list":["post-445","page","type-page","status-publish","hentry"],"_links":{"self":[{"href":"https:\/\/www.allatpanzio.com\/index.php?rest_route=\/wp\/v2\/pages\/445","targetHints":{"allow":["GET"]}}],"collection":[{"href":"https:\/\/www.allatpanzio.com\/index.php?rest_route=\/wp\/v2\/pages"}],"about":[{"href":"https:\/\/www.allatpanzio.com\/index.php?rest_route=\/wp\/v2\/types\/page"}],"author":[{"embeddable":true,"href":"https:\/\/www.allatpanzio.com\/index.php?rest_route=\/wp\/v2\/users\/1"}],"replies":[{"embeddable":true,"href":"https:\/\/www.allatpanzio.com\/index.php?rest_route=%2Fwp%2Fv2%2Fcomments&post=445"}],"version-history":[{"count":5,"href":"https:\/\/www.allatpanzio.com\/index.php?rest_route=\/wp\/v2\/pages\/445\/revisions"}],"predecessor-version":[{"id":1430,"href":"https:\/\/www.allatpanzio.com\/index.php?rest_route=\/wp\/v2\/pages\/445\/revisions\/1430"}],"wp:attachment":[{"href":"https:\/\/www.allatpanzio.com\/index.php?rest_route=%2Fwp%2Fv2%2Fmedia&parent=445"}],"curies":[{"name":"wp","href":"https:\/\/api.w.org\/{rel}","templated":true}]}}