{"id":441,"date":"2022-08-01T20:30:22","date_gmt":"2022-08-01T19:30:22","guid":{"rendered":"https:\/\/www.allatpanzio.com\/?page_id=441"},"modified":"2025-11-26T10:46:40","modified_gmt":"2025-11-26T09:46:40","slug":"elerhetoseg","status":"publish","type":"page","link":"https:\/\/www.allatpanzio.com\/?page_id=441","title":{"rendered":"El\u00e9rhet\u0151s\u00e9g"},"content":{"rendered":"<div class='flex_column av-9nm89-1b32cc8f5b8e04c9131cd9a8fcd58314 av_one_third  avia-builder-el-0  el_before_av_two_third  avia-builder-el-first  first flex_column_div '     ><div  class='avia-icon-list-container av-l6bbpbek-5e5d0a88655f35bca1f3ed59a36c2507  avia-builder-el-1  avia-builder-el-no-sibling '><ul class='avia-icon-list avia_animate_when_almost_visible avia-icon-list-left av-iconlist-big av-l6bbpbek-5e5d0a88655f35bca1f3ed59a36c2507 avia-iconlist-animate'>\n<li><div class='iconlist_icon av-l6bbihdu-cad0059a42fde8d6e3c597981f20fc0c avia-font-entypo-fontello'><span class='iconlist-char' aria-hidden='true' data-av_icon='\ue842' data-av_iconfont='entypo-fontello'><\/span><\/div><article class=\"article-icon-entry \"  itemscope=\"itemscope\" itemtype=\"https:\/\/schema.org\/CreativeWork\" ><div class=\"iconlist_content_wrap\"><header class=\"entry-content-header\"><h4 class='av_iconlist_title iconlist_title  '  itemprop=\"headline\" >C\u00edm<\/h4><\/header><div class='iconlist_content '  itemprop=\"text\" ><p>1171 Budapest, \u00cdr\u00e1s utca 12.<\/p>\n<\/div><\/div><footer class=\"entry-footer\"><\/footer><\/article><div class=\"iconlist-timeline\"><\/div><\/li>\n<li><div class='iconlist_icon av-l6bbnols-1b827f3631d0fa7b2ac9b12d461d798b avia-font-entypo-fontello'><span class='iconlist-char' aria-hidden='true' data-av_icon='\ue854' data-av_iconfont='entypo-fontello'><\/span><\/div><article class=\"article-icon-entry \"  itemscope=\"itemscope\" itemtype=\"https:\/\/schema.org\/CreativeWork\" ><div class=\"iconlist_content_wrap\"><header class=\"entry-content-header\"><h4 class='av_iconlist_title iconlist_title  '  itemprop=\"headline\" >Telefon<\/h4><\/header><div class='iconlist_content '  itemprop=\"text\" ><p>Tel.:06-70\/595-6931<\/p>\n<\/div><\/div><footer class=\"entry-footer\"><\/footer><\/article><div class=\"iconlist-timeline\"><\/div><\/li>\n<li><div class='iconlist_icon av-l6bbpaac-960ab04b587b5646a3910af35e3478e5 avia-font-entypo-fontello'><span class='iconlist-char' aria-hidden='true' data-av_icon='\ue805' data-av_iconfont='entypo-fontello'><\/span><\/div><article class=\"article-icon-entry \"  itemscope=\"itemscope\" itemtype=\"https:\/\/schema.org\/CreativeWork\" ><div class=\"iconlist_content_wrap\"><header class=\"entry-content-header\"><h4 class='av_iconlist_title iconlist_title  '  itemprop=\"headline\" >E-mail<\/h4><\/header><div class='iconlist_content '  itemprop=\"text\" ><p>montyallatpanzio@gmail.com<\/p>\n<\/div><\/div><footer class=\"entry-footer\"><\/footer><\/article><div class=\"iconlist-timeline\"><\/div><\/li>\n<\/ul><\/div><\/div><div class='flex_column av-alqmh-c9c292553aa3810e0f8adfaef2800713 av_two_third  avia-builder-el-2  el_after_av_one_third  avia-builder-el-last  flex_column_div '     ><section  class='av_textblock_section av-l6mlixfn-9cf8dcf6d8f66169509c04a0576e7149'  itemscope=\"itemscope\" itemtype=\"https:\/\/schema.org\/CreativeWork\" ><div class='avia_textblock'  itemprop=\"text\" ><p><iframe loading=\"lazy\" style=\"border: 0;\" tabindex=\"0\" src=\"https:\/\/www.google.com\/maps\/embed?pb=!1m18!1m12!1m3!1d673.9746217330542!2d19.302968429239723!3d47.49189089869859!2m3!1f0!2f0!3f0!3m2!1i1024!2i768!4f13.1!3m3!1m2!1s0x4741c7f6c0dc9317%3A0x1dd9c57483f72c0e!2zTW9udHkgw4FsbGF0cGFuemnDsw!5e0!3m2!1shu!2shu!4v1599985335037!5m2!1shu!2shu\" width=\"100%\" height=\"450\" frameborder=\"0\" allowfullscreen=\"allowfullscreen\" aria-hidden=\"false\"><\/iframe><\/p>\n<\/div><\/section><\/div><\/p>\n","protected":false},"excerpt":{"rendered":"","protected":false},"author":1,"featured_media":0,"parent":0,"menu_order":0,"comment_status":"closed","ping_status":"closed","template":"","meta":{"footnotes":""},"class_list":["post-441","page","type-page","status-publish","hentry"],"_links":{"self":[{"href":"https:\/\/www.allatpanzio.com\/index.php?rest_route=\/wp\/v2\/pages\/441","targetHints":{"allow":["GET"]}}],"collection":[{"href":"https:\/\/www.allatpanzio.com\/index.php?rest_route=\/wp\/v2\/pages"}],"about":[{"href":"https:\/\/www.allatpanzio.com\/index.php?rest_route=\/wp\/v2\/types\/page"}],"author":[{"embeddable":true,"href":"https:\/\/www.allatpanzio.com\/index.php?rest_route=\/wp\/v2\/users\/1"}],"replies":[{"embeddable":true,"href":"https:\/\/www.allatpanzio.com\/index.php?rest_route=%2Fwp%2Fv2%2Fcomments&post=441"}],"version-history":[{"count":8,"href":"https:\/\/www.allatpanzio.com\/index.php?rest_route=\/wp\/v2\/pages\/441\/revisions"}],"predecessor-version":[{"id":1268,"href":"https:\/\/www.allatpanzio.com\/index.php?rest_route=\/wp\/v2\/pages\/441\/revisions\/1268"}],"wp:attachment":[{"href":"https:\/\/www.allatpanzio.com\/index.php?rest_route=%2Fwp%2Fv2%2Fmedia&parent=441"}],"curies":[{"name":"wp","href":"https:\/\/api.w.org\/{rel}","templated":true}]}}