{"id":437,"date":"2022-08-01T20:29:21","date_gmt":"2022-08-01T19:29:21","guid":{"rendered":"https:\/\/www.allatpanzio.com\/?page_id=437"},"modified":"2024-11-22T04:07:54","modified_gmt":"2024-11-22T03:07:54","slug":"galeria","status":"publish","type":"page","link":"https:\/\/www.allatpanzio.com\/?page_id=437","title":{"rendered":"Gal\u00e9ria"},"content":{"rendered":"<div class='flex_column av-99gyt-831c0bfd7e0a15c714dda7a75281bb65 av_one_full  avia-builder-el-0  el_before_av_gallery  avia-builder-el-first  first flex_column_div '     ><style type=\"text\/css\" data-created_by=\"avia_inline_auto\" id=\"style-css-av-l6balnjl-c36c6b208ed12b6766d68498dcba8a1b\">\n#top .av_textblock_section.av-l6balnjl-c36c6b208ed12b6766d68498dcba8a1b .avia_textblock{\nfont-size:30px;\ncolor:#74a821;\ntext-align:center;\n}\n<\/style>\n<section  class='av_textblock_section av-l6balnjl-c36c6b208ed12b6766d68498dcba8a1b'  itemscope=\"itemscope\" itemtype=\"https:\/\/schema.org\/CreativeWork\" ><div class='avia_textblock av_inherit_color'  itemprop=\"text\" ><h2>Gal\u00e9ria<\/h2>\n<h5>\u00cdgy t\u00f6ltj\u00fck az id\u0151t a Monty Panzi\u00f3 mindennapjaiban<\/h5>\n<\/div><\/section><\/div>\n<style type=\"text\/css\" data-created_by=\"avia_inline_auto\" id=\"style-css-av-l6baufvy-b3027f6dbccfe1117b49f1e3036172a2\">\n#top .avia-gallery.av-l6baufvy-b3027f6dbccfe1117b49f1e3036172a2 .avia-gallery-thumb a{\nwidth:20%;\n}\n<\/style>\n<div  class='avia-gallery av-l6baufvy-b3027f6dbccfe1117b49f1e3036172a2 avia_animate_when_visible  avia-builder-el-2  el_after_av_one_full  avia-builder-el-last  animations_off avia-gallery-1'  itemprop=\"image\" itemscope=\"itemscope\" itemtype=\"https:\/\/schema.org\/ImageObject\" ><meta itemprop=\"contentURL\" content=\"https:\/\/www.allatpanzio.com\/?page_id=437\"><div class='avia-gallery-thumb'><a href=\"https:\/\/www.allatpanzio.com\/wp-content\/uploads\/2022\/08\/IMG_20211013_142129_096-824x1030.jpg\" data-srcset=\"https:\/\/www.allatpanzio.com\/wp-content\/uploads\/2022\/08\/IMG_20211013_142129_096-824x1030.jpg 824w, https:\/\/www.allatpanzio.com\/wp-content\/uploads\/2022\/08\/IMG_20211013_142129_096-240x300.jpg 240w, https:\/\/www.allatpanzio.com\/wp-content\/uploads\/2022\/08\/IMG_20211013_142129_096-768x960.jpg 768w, https:\/\/www.allatpanzio.com\/wp-content\/uploads\/2022\/08\/IMG_20211013_142129_096-564x705.jpg 564w, https:\/\/www.allatpanzio.com\/wp-content\/uploads\/2022\/08\/IMG_20211013_142129_096.jpg 1080w\" data-sizes=\"(max-width: 824px) 100vw, 824px\" data-rel='gallery-1' data-prev-img='https:\/\/www.allatpanzio.com\/wp-content\/uploads\/2022\/08\/IMG_20211013_142129_096-495x400.jpg' class='first_thumb lightbox ' data-onclick='1' title='kutyus'  itemprop=\"thumbnailUrl\"  ><img decoding=\"async\" class=\"wp-image-473 avia-img-lazy-loading-not-473\"   src=\"https:\/\/www.allatpanzio.com\/wp-content\/uploads\/2022\/08\/IMG_20211013_142129_096-495x400.jpg\" width=\"495\" height=\"400\"  title='kutyus' alt='' srcset=\"https:\/\/www.allatpanzio.com\/wp-content\/uploads\/2022\/08\/IMG_20211013_142129_096-495x400.jpg 495w, https:\/\/www.allatpanzio.com\/wp-content\/uploads\/2022\/08\/IMG_20211013_142129_096-845x684.jpg 845w\" sizes=\"(max-width: 495px) 100vw, 495px\" \/><div class='big-prev-fake'><img loading=\"lazy\" decoding=\"async\" class=\"wp-image-473 avia-img-lazy-loading-473\"  width=\"495\" height=\"400\" src=\"https:\/\/www.allatpanzio.com\/wp-content\/uploads\/2022\/08\/IMG_20211013_142129_096-495x400.jpg\" title='kutyus' alt='' srcset=\"https:\/\/www.allatpanzio.com\/wp-content\/uploads\/2022\/08\/IMG_20211013_142129_096-495x400.jpg 495w, https:\/\/www.allatpanzio.com\/wp-content\/uploads\/2022\/08\/IMG_20211013_142129_096-845x684.jpg 845w\" sizes=\"auto, (max-width: 495px) 100vw, 495px\" \/><\/div><\/a><a href=\"https:\/\/www.allatpanzio.com\/wp-content\/uploads\/2022\/08\/IMG_20211026_114835_991-1030x1030.jpg\" data-srcset=\"https:\/\/www.allatpanzio.com\/wp-content\/uploads\/2022\/08\/IMG_20211026_114835_991-1030x1030.jpg 1030w, https:\/\/www.allatpanzio.com\/wp-content\/uploads\/2022\/08\/IMG_20211026_114835_991-300x300.jpg 300w, https:\/\/www.allatpanzio.com\/wp-content\/uploads\/2022\/08\/IMG_20211026_114835_991-80x80.jpg 80w, https:\/\/www.allatpanzio.com\/wp-content\/uploads\/2022\/08\/IMG_20211026_114835_991-768x768.jpg 768w, https:\/\/www.allatpanzio.com\/wp-content\/uploads\/2022\/08\/IMG_20211026_114835_991-36x36.jpg 36w, https:\/\/www.allatpanzio.com\/wp-content\/uploads\/2022\/08\/IMG_20211026_114835_991-180x180.jpg 180w, https:\/\/www.allatpanzio.com\/wp-content\/uploads\/2022\/08\/IMG_20211026_114835_991-705x705.jpg 705w, https:\/\/www.allatpanzio.com\/wp-content\/uploads\/2022\/08\/IMG_20211026_114835_991.jpg 1080w\" data-sizes=\"(max-width: 1030px) 100vw, 1030px\" data-rel='gallery-1' data-prev-img='https:\/\/www.allatpanzio.com\/wp-content\/uploads\/2022\/08\/IMG_20211026_114835_991-495x400.jpg' class='lightbox ' data-onclick='2' title='labrador'  itemprop=\"thumbnailUrl\"  ><img decoding=\"async\" class=\"wp-image-456 avia-img-lazy-loading-not-456\"   src=\"https:\/\/www.allatpanzio.com\/wp-content\/uploads\/2022\/08\/IMG_20211026_114835_991-495x400.jpg\" width=\"495\" height=\"400\"  title='labrador' alt='' srcset=\"https:\/\/www.allatpanzio.com\/wp-content\/uploads\/2022\/08\/IMG_20211026_114835_991-495x400.jpg 495w, https:\/\/www.allatpanzio.com\/wp-content\/uploads\/2022\/08\/IMG_20211026_114835_991-845x684.jpg 845w\" sizes=\"(max-width: 495px) 100vw, 495px\" \/><div class='big-prev-fake'><img loading=\"lazy\" decoding=\"async\" class=\"wp-image-456 avia-img-lazy-loading-456\"  width=\"495\" height=\"400\" src=\"https:\/\/www.allatpanzio.com\/wp-content\/uploads\/2022\/08\/IMG_20211026_114835_991-495x400.jpg\" title='labrador' alt='' srcset=\"https:\/\/www.allatpanzio.com\/wp-content\/uploads\/2022\/08\/IMG_20211026_114835_991-495x400.jpg 495w, https:\/\/www.allatpanzio.com\/wp-content\/uploads\/2022\/08\/IMG_20211026_114835_991-845x684.jpg 845w\" sizes=\"auto, (max-width: 495px) 100vw, 495px\" \/><\/div><\/a><a href=\"https:\/\/www.allatpanzio.com\/wp-content\/uploads\/2020\/11\/61-1024x770.png\" data-srcset=\"https:\/\/www.allatpanzio.com\/wp-content\/uploads\/2020\/11\/61-1024x770.png 1024w, https:\/\/www.allatpanzio.com\/wp-content\/uploads\/2020\/11\/61-300x225.png 300w, https:\/\/www.allatpanzio.com\/wp-content\/uploads\/2020\/11\/61-768x577.png 768w, https:\/\/www.allatpanzio.com\/wp-content\/uploads\/2020\/11\/61-1200x902.png 1200w, https:\/\/www.allatpanzio.com\/wp-content\/uploads\/2020\/11\/61.png 1224w\" data-sizes=\"(max-width: 1024px) 100vw, 1024px\" data-rel='gallery-1' data-prev-img='https:\/\/www.allatpanzio.com\/wp-content\/uploads\/2020\/11\/61.png' class='lightbox ' data-onclick='3' title='bar\u00e1tok'  itemprop=\"thumbnailUrl\"  ><img decoding=\"async\" class=\"wp-image-40 avia-img-lazy-loading-not-40\"   src=\"https:\/\/www.allatpanzio.com\/wp-content\/uploads\/2020\/11\/61.png\" width=\"495\" height=\"372\"  title='bar\u00e1tok' alt='' srcset=\"https:\/\/www.allatpanzio.com\/wp-content\/uploads\/2020\/11\/61.png 1224w, https:\/\/www.allatpanzio.com\/wp-content\/uploads\/2020\/11\/61-300x225.png 300w, https:\/\/www.allatpanzio.com\/wp-content\/uploads\/2020\/11\/61-1024x770.png 1024w, https:\/\/www.allatpanzio.com\/wp-content\/uploads\/2020\/11\/61-768x577.png 768w, https:\/\/www.allatpanzio.com\/wp-content\/uploads\/2020\/11\/61-1200x902.png 1200w\" sizes=\"(max-width: 495px) 100vw, 495px\" \/><div class='big-prev-fake'><img loading=\"lazy\" decoding=\"async\" class=\"wp-image-40 avia-img-lazy-loading-40\"  width=\"495\" height=\"372\" src=\"https:\/\/www.allatpanzio.com\/wp-content\/uploads\/2020\/11\/61.png\" title='bar\u00e1tok' alt='' srcset=\"https:\/\/www.allatpanzio.com\/wp-content\/uploads\/2020\/11\/61.png 1224w, https:\/\/www.allatpanzio.com\/wp-content\/uploads\/2020\/11\/61-300x225.png 300w, https:\/\/www.allatpanzio.com\/wp-content\/uploads\/2020\/11\/61-1024x770.png 1024w, https:\/\/www.allatpanzio.com\/wp-content\/uploads\/2020\/11\/61-768x577.png 768w, https:\/\/www.allatpanzio.com\/wp-content\/uploads\/2020\/11\/61-1200x902.png 1200w\" sizes=\"auto, (max-width: 495px) 100vw, 495px\" \/><\/div><\/a><a href=\"https:\/\/www.allatpanzio.com\/wp-content\/uploads\/2020\/11\/53-1024x770.png\" data-srcset=\"https:\/\/www.allatpanzio.com\/wp-content\/uploads\/2020\/11\/53-1024x770.png 1024w, https:\/\/www.allatpanzio.com\/wp-content\/uploads\/2020\/11\/53-300x226.png 300w, https:\/\/www.allatpanzio.com\/wp-content\/uploads\/2020\/11\/53-768x577.png 768w, https:\/\/www.allatpanzio.com\/wp-content\/uploads\/2020\/11\/53-1200x902.png 1200w, https:\/\/www.allatpanzio.com\/wp-content\/uploads\/2020\/11\/53.png 1282w\" data-sizes=\"(max-width: 1024px) 100vw, 1024px\" data-rel='gallery-1' data-prev-img='https:\/\/www.allatpanzio.com\/wp-content\/uploads\/2020\/11\/53.png' class='lightbox ' data-onclick='4' title='bar\u00e1tok'  itemprop=\"thumbnailUrl\"  ><img decoding=\"async\" class=\"wp-image-33 avia-img-lazy-loading-not-33\"   src=\"https:\/\/www.allatpanzio.com\/wp-content\/uploads\/2020\/11\/53.png\" width=\"495\" height=\"372\"  title='bar\u00e1tok' alt='' srcset=\"https:\/\/www.allatpanzio.com\/wp-content\/uploads\/2020\/11\/53.png 1282w, https:\/\/www.allatpanzio.com\/wp-content\/uploads\/2020\/11\/53-300x226.png 300w, https:\/\/www.allatpanzio.com\/wp-content\/uploads\/2020\/11\/53-1024x770.png 1024w, https:\/\/www.allatpanzio.com\/wp-content\/uploads\/2020\/11\/53-768x577.png 768w, https:\/\/www.allatpanzio.com\/wp-content\/uploads\/2020\/11\/53-1200x902.png 1200w\" sizes=\"(max-width: 495px) 100vw, 495px\" \/><div class='big-prev-fake'><img loading=\"lazy\" decoding=\"async\" class=\"wp-image-33 avia-img-lazy-loading-33\"  width=\"495\" height=\"372\" src=\"https:\/\/www.allatpanzio.com\/wp-content\/uploads\/2020\/11\/53.png\" title='bar\u00e1tok' alt='' srcset=\"https:\/\/www.allatpanzio.com\/wp-content\/uploads\/2020\/11\/53.png 1282w, https:\/\/www.allatpanzio.com\/wp-content\/uploads\/2020\/11\/53-300x226.png 300w, https:\/\/www.allatpanzio.com\/wp-content\/uploads\/2020\/11\/53-1024x770.png 1024w, https:\/\/www.allatpanzio.com\/wp-content\/uploads\/2020\/11\/53-768x577.png 768w, https:\/\/www.allatpanzio.com\/wp-content\/uploads\/2020\/11\/53-1200x902.png 1200w\" sizes=\"auto, (max-width: 495px) 100vw, 495px\" \/><\/div><\/a><a href=\"https:\/\/www.allatpanzio.com\/wp-content\/uploads\/2021\/09\/CSD_1988-1024x682.png\" data-srcset=\"https:\/\/www.allatpanzio.com\/wp-content\/uploads\/2021\/09\/CSD_1988-1024x682.png 1024w, https:\/\/www.allatpanzio.com\/wp-content\/uploads\/2021\/09\/CSD_1988-300x200.png 300w, https:\/\/www.allatpanzio.com\/wp-content\/uploads\/2021\/09\/CSD_1988-768x512.png 768w, https:\/\/www.allatpanzio.com\/wp-content\/uploads\/2021\/09\/CSD_1988-1536x1024.png 1536w, https:\/\/www.allatpanzio.com\/wp-content\/uploads\/2021\/09\/CSD_1988-90x60.png 90w, https:\/\/www.allatpanzio.com\/wp-content\/uploads\/2021\/09\/CSD_1988-420x280.png 420w, https:\/\/www.allatpanzio.com\/wp-content\/uploads\/2021\/09\/CSD_1988.png 1955w\" data-sizes=\"(max-width: 1024px) 100vw, 1024px\" data-rel='gallery-1' data-prev-img='https:\/\/www.allatpanzio.com\/wp-content\/uploads\/2021\/09\/CSD_1988.png' class='lightbox ' data-onclick='5' title=''  itemprop=\"thumbnailUrl\"  ><img decoding=\"async\" class=\"wp-image-302 avia-img-lazy-loading-not-302\"   src=\"https:\/\/www.allatpanzio.com\/wp-content\/uploads\/2021\/09\/CSD_1988.png\" width=\"495\" height=\"330\"  title='' alt='' srcset=\"https:\/\/www.allatpanzio.com\/wp-content\/uploads\/2021\/09\/CSD_1988.png 1955w, https:\/\/www.allatpanzio.com\/wp-content\/uploads\/2021\/09\/CSD_1988-300x200.png 300w, https:\/\/www.allatpanzio.com\/wp-content\/uploads\/2021\/09\/CSD_1988-1024x682.png 1024w, https:\/\/www.allatpanzio.com\/wp-content\/uploads\/2021\/09\/CSD_1988-768x512.png 768w, https:\/\/www.allatpanzio.com\/wp-content\/uploads\/2021\/09\/CSD_1988-1536x1024.png 1536w, https:\/\/www.allatpanzio.com\/wp-content\/uploads\/2021\/09\/CSD_1988-90x60.png 90w, https:\/\/www.allatpanzio.com\/wp-content\/uploads\/2021\/09\/CSD_1988-420x280.png 420w\" sizes=\"(max-width: 495px) 100vw, 495px\" \/><div class='big-prev-fake'><img loading=\"lazy\" decoding=\"async\" class=\"wp-image-302 avia-img-lazy-loading-302\"  width=\"495\" height=\"330\" src=\"https:\/\/www.allatpanzio.com\/wp-content\/uploads\/2021\/09\/CSD_1988.png\" title='' alt='' srcset=\"https:\/\/www.allatpanzio.com\/wp-content\/uploads\/2021\/09\/CSD_1988.png 1955w, https:\/\/www.allatpanzio.com\/wp-content\/uploads\/2021\/09\/CSD_1988-300x200.png 300w, https:\/\/www.allatpanzio.com\/wp-content\/uploads\/2021\/09\/CSD_1988-1024x682.png 1024w, https:\/\/www.allatpanzio.com\/wp-content\/uploads\/2021\/09\/CSD_1988-768x512.png 768w, https:\/\/www.allatpanzio.com\/wp-content\/uploads\/2021\/09\/CSD_1988-1536x1024.png 1536w, https:\/\/www.allatpanzio.com\/wp-content\/uploads\/2021\/09\/CSD_1988-90x60.png 90w, https:\/\/www.allatpanzio.com\/wp-content\/uploads\/2021\/09\/CSD_1988-420x280.png 420w\" sizes=\"auto, (max-width: 495px) 100vw, 495px\" \/><\/div><\/a><a href=\"https:\/\/www.allatpanzio.com\/wp-content\/uploads\/2022\/08\/hullo-785x1030.jpg\" data-srcset=\"https:\/\/www.allatpanzio.com\/wp-content\/uploads\/2022\/08\/hullo-785x1030.jpg 785w, https:\/\/www.allatpanzio.com\/wp-content\/uploads\/2022\/08\/hullo-229x300.jpg 229w, https:\/\/www.allatpanzio.com\/wp-content\/uploads\/2022\/08\/hullo-768x1008.jpg 768w, https:\/\/www.allatpanzio.com\/wp-content\/uploads\/2022\/08\/hullo-1171x1536.jpg 1171w, https:\/\/www.allatpanzio.com\/wp-content\/uploads\/2022\/08\/hullo-1143x1500.jpg 1143w, https:\/\/www.allatpanzio.com\/wp-content\/uploads\/2022\/08\/hullo-537x705.jpg 537w, https:\/\/www.allatpanzio.com\/wp-content\/uploads\/2022\/08\/hullo.jpg 1417w\" data-sizes=\"(max-width: 785px) 100vw, 785px\" data-rel='gallery-1' data-prev-img='https:\/\/www.allatpanzio.com\/wp-content\/uploads\/2022\/08\/hullo-495x400.jpg' class='first_thumb lightbox ' data-onclick='6' title='h\u00fcll\u0151'  itemprop=\"thumbnailUrl\"  ><img decoding=\"async\" class=\"wp-image-570 avia-img-lazy-loading-not-570\"   src=\"https:\/\/www.allatpanzio.com\/wp-content\/uploads\/2022\/08\/hullo-495x400.jpg\" width=\"495\" height=\"400\"  title='h\u00fcll\u0151' alt='' srcset=\"https:\/\/www.allatpanzio.com\/wp-content\/uploads\/2022\/08\/hullo-495x400.jpg 495w, https:\/\/www.allatpanzio.com\/wp-content\/uploads\/2022\/08\/hullo-845x684.jpg 845w\" sizes=\"(max-width: 495px) 100vw, 495px\" \/><div class='big-prev-fake'><img loading=\"lazy\" decoding=\"async\" class=\"wp-image-570 avia-img-lazy-loading-570\"  width=\"495\" height=\"400\" src=\"https:\/\/www.allatpanzio.com\/wp-content\/uploads\/2022\/08\/hullo-495x400.jpg\" title='h\u00fcll\u0151' alt='' srcset=\"https:\/\/www.allatpanzio.com\/wp-content\/uploads\/2022\/08\/hullo-495x400.jpg 495w, https:\/\/www.allatpanzio.com\/wp-content\/uploads\/2022\/08\/hullo-845x684.jpg 845w\" sizes=\"auto, (max-width: 495px) 100vw, 495px\" \/><\/div><\/a><a href=\"https:\/\/www.allatpanzio.com\/wp-content\/uploads\/2022\/08\/tacsi-pihen-masolat-1030x687.jpg\" data-srcset=\"https:\/\/www.allatpanzio.com\/wp-content\/uploads\/2022\/08\/tacsi-pihen-masolat-1030x687.jpg 1030w, https:\/\/www.allatpanzio.com\/wp-content\/uploads\/2022\/08\/tacsi-pihen-masolat-300x200.jpg 300w, https:\/\/www.allatpanzio.com\/wp-content\/uploads\/2022\/08\/tacsi-pihen-masolat-768x512.jpg 768w, https:\/\/www.allatpanzio.com\/wp-content\/uploads\/2022\/08\/tacsi-pihen-masolat-1536x1024.jpg 1536w, https:\/\/www.allatpanzio.com\/wp-content\/uploads\/2022\/08\/tacsi-pihen-masolat-2048x1365.jpg 2048w, https:\/\/www.allatpanzio.com\/wp-content\/uploads\/2022\/08\/tacsi-pihen-masolat-1500x1000.jpg 1500w, https:\/\/www.allatpanzio.com\/wp-content\/uploads\/2022\/08\/tacsi-pihen-masolat-705x470.jpg 705w\" data-sizes=\"(max-width: 1030px) 100vw, 1030px\" data-rel='gallery-1' data-prev-img='https:\/\/www.allatpanzio.com\/wp-content\/uploads\/2022\/08\/tacsi-pihen-masolat-495x400.jpg' class='lightbox ' data-onclick='7' title='tacsi pihen'  itemprop=\"thumbnailUrl\"  ><img decoding=\"async\" class=\"wp-image-533 avia-img-lazy-loading-not-533\"   src=\"https:\/\/www.allatpanzio.com\/wp-content\/uploads\/2022\/08\/tacsi-pihen-masolat-495x400.jpg\" width=\"495\" height=\"400\"  title='tacsi pihen' alt='' srcset=\"https:\/\/www.allatpanzio.com\/wp-content\/uploads\/2022\/08\/tacsi-pihen-masolat-495x400.jpg 495w, https:\/\/www.allatpanzio.com\/wp-content\/uploads\/2022\/08\/tacsi-pihen-masolat-845x684.jpg 845w\" sizes=\"(max-width: 495px) 100vw, 495px\" \/><div class='big-prev-fake'><img loading=\"lazy\" decoding=\"async\" class=\"wp-image-533 avia-img-lazy-loading-533\"  width=\"495\" height=\"400\" src=\"https:\/\/www.allatpanzio.com\/wp-content\/uploads\/2022\/08\/tacsi-pihen-masolat-495x400.jpg\" title='tacsi pihen' alt='' srcset=\"https:\/\/www.allatpanzio.com\/wp-content\/uploads\/2022\/08\/tacsi-pihen-masolat-495x400.jpg 495w, https:\/\/www.allatpanzio.com\/wp-content\/uploads\/2022\/08\/tacsi-pihen-masolat-845x684.jpg 845w\" sizes=\"auto, (max-width: 495px) 100vw, 495px\" \/><\/div><\/a><a href=\"https:\/\/www.allatpanzio.com\/wp-content\/uploads\/2022\/08\/nyuszi-1-718x1030.jpg\" data-srcset=\"https:\/\/www.allatpanzio.com\/wp-content\/uploads\/2022\/08\/nyuszi-1-718x1030.jpg 718w, https:\/\/www.allatpanzio.com\/wp-content\/uploads\/2022\/08\/nyuszi-1-209x300.jpg 209w, https:\/\/www.allatpanzio.com\/wp-content\/uploads\/2022\/08\/nyuszi-1-768x1101.jpg 768w, https:\/\/www.allatpanzio.com\/wp-content\/uploads\/2022\/08\/nyuszi-1-1071x1536.jpg 1071w, https:\/\/www.allatpanzio.com\/wp-content\/uploads\/2022\/08\/nyuszi-1-1046x1500.jpg 1046w, https:\/\/www.allatpanzio.com\/wp-content\/uploads\/2022\/08\/nyuszi-1-492x705.jpg 492w, https:\/\/www.allatpanzio.com\/wp-content\/uploads\/2022\/08\/nyuszi-1.jpg 1417w\" data-sizes=\"(max-width: 718px) 100vw, 718px\" data-rel='gallery-1' data-prev-img='https:\/\/www.allatpanzio.com\/wp-content\/uploads\/2022\/08\/nyuszi-1-495x400.jpg' class='lightbox ' data-onclick='8' title='nyuszi'  itemprop=\"thumbnailUrl\"  ><img decoding=\"async\" class=\"wp-image-642 avia-img-lazy-loading-not-642\"   src=\"https:\/\/www.allatpanzio.com\/wp-content\/uploads\/2022\/08\/nyuszi-1-495x400.jpg\" width=\"495\" height=\"400\"  title='nyuszi' alt='' srcset=\"https:\/\/www.allatpanzio.com\/wp-content\/uploads\/2022\/08\/nyuszi-1-495x400.jpg 495w, https:\/\/www.allatpanzio.com\/wp-content\/uploads\/2022\/08\/nyuszi-1-845x684.jpg 845w\" sizes=\"(max-width: 495px) 100vw, 495px\" \/><div class='big-prev-fake'><img loading=\"lazy\" decoding=\"async\" class=\"wp-image-642 avia-img-lazy-loading-642\"  width=\"495\" height=\"400\" src=\"https:\/\/www.allatpanzio.com\/wp-content\/uploads\/2022\/08\/nyuszi-1-495x400.jpg\" title='nyuszi' alt='' srcset=\"https:\/\/www.allatpanzio.com\/wp-content\/uploads\/2022\/08\/nyuszi-1-495x400.jpg 495w, https:\/\/www.allatpanzio.com\/wp-content\/uploads\/2022\/08\/nyuszi-1-845x684.jpg 845w\" sizes=\"auto, (max-width: 495px) 100vw, 495px\" \/><\/div><\/a><a href=\"https:\/\/www.allatpanzio.com\/wp-content\/uploads\/2022\/08\/received_276773631168978.jpeg\" data-srcset=\"https:\/\/www.allatpanzio.com\/wp-content\/uploads\/2022\/08\/received_276773631168978.jpeg 720w, https:\/\/www.allatpanzio.com\/wp-content\/uploads\/2022\/08\/received_276773631168978-225x300.jpeg 225w, https:\/\/www.allatpanzio.com\/wp-content\/uploads\/2022\/08\/received_276773631168978-529x705.jpeg 529w\" data-sizes=\"(max-width: 720px) 100vw, 720px\" data-rel='gallery-1' data-prev-img='https:\/\/www.allatpanzio.com\/wp-content\/uploads\/2022\/08\/received_276773631168978-495x400.jpeg' class='lightbox ' data-onclick='9' title=''  itemprop=\"thumbnailUrl\"  ><img decoding=\"async\" class=\"wp-image-643 avia-img-lazy-loading-not-643\"   src=\"https:\/\/www.allatpanzio.com\/wp-content\/uploads\/2022\/08\/received_276773631168978-495x400.jpeg\" width=\"495\" height=\"400\"  title='' alt='' \/><div class='big-prev-fake'><img loading=\"lazy\" decoding=\"async\" class=\"wp-image-643 avia-img-lazy-loading-643\"  width=\"495\" height=\"400\" src=\"https:\/\/www.allatpanzio.com\/wp-content\/uploads\/2022\/08\/received_276773631168978-495x400.jpeg\" title='' alt='' \/><\/div><\/a><\/div><\/div><\/p>\n","protected":false},"excerpt":{"rendered":"","protected":false},"author":1,"featured_media":0,"parent":0,"menu_order":0,"comment_status":"closed","ping_status":"closed","template":"","meta":{"footnotes":""},"class_list":["post-437","page","type-page","status-publish","hentry"],"_links":{"self":[{"href":"https:\/\/www.allatpanzio.com\/index.php?rest_route=\/wp\/v2\/pages\/437","targetHints":{"allow":["GET"]}}],"collection":[{"href":"https:\/\/www.allatpanzio.com\/index.php?rest_route=\/wp\/v2\/pages"}],"about":[{"href":"https:\/\/www.allatpanzio.com\/index.php?rest_route=\/wp\/v2\/types\/page"}],"author":[{"embeddable":true,"href":"https:\/\/www.allatpanzio.com\/index.php?rest_route=\/wp\/v2\/users\/1"}],"replies":[{"embeddable":true,"href":"https:\/\/www.allatpanzio.com\/index.php?rest_route=%2Fwp%2Fv2%2Fcomments&post=437"}],"version-history":[{"count":11,"href":"https:\/\/www.allatpanzio.com\/index.php?rest_route=\/wp\/v2\/pages\/437\/revisions"}],"predecessor-version":[{"id":1269,"href":"https:\/\/www.allatpanzio.com\/index.php?rest_route=\/wp\/v2\/pages\/437\/revisions\/1269"}],"wp:attachment":[{"href":"https:\/\/www.allatpanzio.com\/index.php?rest_route=%2Fwp%2Fv2%2Fmedia&parent=437"}],"curies":[{"name":"wp","href":"https:\/\/api.w.org\/{rel}","templated":true}]}}