{"id":434,"date":"2022-08-01T20:34:00","date_gmt":"2022-08-01T19:34:00","guid":{"rendered":"https:\/\/www.allatpanzio.com\/?page_id=434"},"modified":"2026-03-27T21:08:11","modified_gmt":"2026-03-27T20:08:11","slug":"kezdolap","status":"publish","type":"page","link":"https:\/\/www.allatpanzio.com\/","title":{"rendered":"Kezd\u0151lap"},"content":{"rendered":"<div   class='avia-fullscreen-slider main_color   avia-builder-el-0  el_before_av_one_full  avia-builder-el-first  container_wrap fullsize'  >\n<style type=\"text\/css\" data-created_by=\"avia_inline_auto\" id=\"style-css-av-l6b68zy2-bb8ad508043a5464c3a09e3fa8a96018\">\n#top #wrap_all .avia-slideshow .av-slideshow-caption.av-l6b68zy2-bb8ad508043a5464c3a09e3fa8a96018__0 .avia-caption-title{\nfont-size:40px;\ncolor:#ffffff;\n}\n#top .avia-slideshow .av-slideshow-caption.av-l6b68zy2-bb8ad508043a5464c3a09e3fa8a96018__0 .avia-caption-content{\nfont-size:35px;\ncolor:#000000;\n}\n#top .avia-slideshow .av-slideshow-caption.av-l6b68zy2-bb8ad508043a5464c3a09e3fa8a96018__0 .avia-caption-content p{\nfont-size:35px;\n}\n<\/style>\n<div  class='avia-slideshow av-l6b68zy2-bb8ad508043a5464c3a09e3fa8a96018 avia-slideshow-extra_large av_fullscreen avia-slide-slider av-slideshow-ui av-control-default av-slideshow-manual av-loop-once av-loop-manual-endless av-default-height-applied   avia-slideshow-1' data-slideshow-options=\"{&quot;animation&quot;:&quot;slide&quot;,&quot;autoplay&quot;:false,&quot;loop_autoplay&quot;:&quot;once&quot;,&quot;interval&quot;:5,&quot;loop_manual&quot;:&quot;manual-endless&quot;,&quot;autoplay_stopper&quot;:false,&quot;noNavigation&quot;:false,&quot;bg_slider&quot;:true,&quot;keep_padding&quot;:false,&quot;hoverpause&quot;:false,&quot;show_slide_delay&quot;:0,&quot;slide_height&quot;:&quot;100&quot;,&quot;image_attachment&quot;:&quot;&quot;}\"  itemprop=\"image\" itemscope=\"itemscope\" itemtype=\"https:\/\/schema.org\/ImageObject\" ><ul class='avia-slideshow-inner ' style='padding-bottom: 54.8%;'><li style='background-position:center center;' data-img-url='https:\/\/www.allatpanzio.com\/wp-content\/uploads\/2022\/08\/Westy-1500x822.jpg' class='avia-slideshow-slide av-l6b68zy2-bb8ad508043a5464c3a09e3fa8a96018__0  av-single-slide slide-1 slide-odd'><div data-rel='slideshow-1' class='avia-slide-wrap '   ><div class='av-slideshow-caption av-l6b68zy2-bb8ad508043a5464c3a09e3fa8a96018__0 caption_fullwidth caption_left'><div class=\"container caption_container\"><div class=\"slideshow_caption\"><div class=\"slideshow_inner_caption\"><div class=\"slideshow_align_caption\"><h2 class='avia-caption-title '  itemprop=\"name\" >Monty \u00c1llatpanzi\u00f3 \u00e9s Kutyaiskola<\/h2><div class='avia-caption-content av_inherit_color'  itemprop=\"description\" ><p>V\u00e1rjuk kis kedvenc\u00e9t szeretettel!<br \/>\n06-70\/595-6931<\/p>\n<\/div><\/div><\/div><\/div><\/div><\/div><\/div><\/li><\/ul><\/div><\/div><div id='after_full_slider_1'  class='main_color av_default_container_wrap container_wrap fullsize'  ><div class='container av-section-cont-open' ><div class='template-page content  av-content-full alpha units'><div class='post-entry post-entry-type-page post-entry-434'><div class='entry-content-wrapper clearfix'>\n<div class='flex_column av-bb3fe-0018643b53583e6d615d27c218df26fa av_one_full  avia-builder-el-1  el_after_av_fullscreen  el_before_av_one_full  avia-builder-el-first  first flex_column_div '     ><style type=\"text\/css\" data-created_by=\"avia_inline_auto\" id=\"style-css-av-l7f5dghu-69078a213288431ae41a59e417e5d703\">\n#top .av_textblock_section.av-l7f5dghu-69078a213288431ae41a59e417e5d703 .avia_textblock{\nfont-size:40px;\ncolor:#71a819;\ntext-align:center;\n}\n<\/style>\n<section  class='av_textblock_section av-l7f5dghu-69078a213288431ae41a59e417e5d703'  itemscope=\"itemscope\" itemtype=\"https:\/\/schema.org\/CreativeWork\" ><div class='avia_textblock av_inherit_color'  itemprop=\"text\" ><p>LEGFRISSEBB VIDE\u00d3NK<\/p>\n<div class='avia-iframe-wrap'><iframe loading=\"lazy\" title=\"Kuty\u00e1s Halloween \u00e9s Csal\u00e1di nap\" width=\"1500\" height=\"844\" src=\"https:\/\/www.youtube.com\/embed\/Tblk52QoopE?feature=oembed\" frameborder=\"0\" allow=\"accelerometer; autoplay; clipboard-write; encrypted-media; gyroscope; picture-in-picture; web-share\" referrerpolicy=\"strict-origin-when-cross-origin\" allowfullscreen><\/iframe><\/div>\n<p>PROGRAMAJ\u00c1NL\u00d3<\/p>\n<p><iframe style=\"relative: absolute; width: 310px; height: 259px; top: 0; left: 0; border: 8px; padding: 0; margin: 0;\" src=\"https:\/\/www.canva.com\/design\/DAGULEcp9zs\/_XWGqURJ8DTk29eqkcLzjQ\/view?embed\" allowfullscreen=\"allowfullscreen\"><br \/>\n<\/iframe><\/p>\n<\/div><\/section><\/div>\n<div class='flex_column av-v0lv6-6fe01a8bed4baed966f65f44a1e3a66f av_one_full  avia-builder-el-3  el_after_av_one_full  el_before_av_one_full  first flex_column_div column-top-margin'     ><div  class='av-catalogue-container av-l7f6lkhz-8341585a098829c62d3ce133c6b906e8  avia-builder-el-4  avia-builder-el-no-sibling '><ul class='av-catalogue-list'>\n<li><div class='av-catalogue-item av-lkjir3s0-13c2866f7dd2a6f11e68d00c5c32b616'><div class=\"av-catalogue-item-inner\"><div class=\"av-catalogue-title-container\"><div class='av-catalogue-title'>Regisztr\u00e1ci\u00f3 \u00e9s Szintfelm\u00e9r\u0151!<\/div><div class='av-catalogue-price'><\/div><\/div><div class=\"av-catalogue-content\">\n<img loading=\"lazy\" decoding=\"async\" class=\"size-medium wp-image-732 aligncenter\" src=\"https:\/\/www.allatpanzio.com\/wp-content\/uploads\/2023\/07\/IMG_20230611_184838-COLLAGE-300x300.jpg\" alt=\"\" width=\"300\" height=\"300\" srcset=\"https:\/\/www.allatpanzio.com\/wp-content\/uploads\/2023\/07\/IMG_20230611_184838-COLLAGE-300x300.jpg 300w, https:\/\/www.allatpanzio.com\/wp-content\/uploads\/2023\/07\/IMG_20230611_184838-COLLAGE-1030x1030.jpg 1030w, https:\/\/www.allatpanzio.com\/wp-content\/uploads\/2023\/07\/IMG_20230611_184838-COLLAGE-80x80.jpg 80w, https:\/\/www.allatpanzio.com\/wp-content\/uploads\/2023\/07\/IMG_20230611_184838-COLLAGE-768x768.jpg 768w, https:\/\/www.allatpanzio.com\/wp-content\/uploads\/2023\/07\/IMG_20230611_184838-COLLAGE-1536x1536.jpg 1536w, https:\/\/www.allatpanzio.com\/wp-content\/uploads\/2023\/07\/IMG_20230611_184838-COLLAGE-36x36.jpg 36w, https:\/\/www.allatpanzio.com\/wp-content\/uploads\/2023\/07\/IMG_20230611_184838-COLLAGE-180x180.jpg 180w, https:\/\/www.allatpanzio.com\/wp-content\/uploads\/2023\/07\/IMG_20230611_184838-COLLAGE-1500x1500.jpg 1500w, https:\/\/www.allatpanzio.com\/wp-content\/uploads\/2023\/07\/IMG_20230611_184838-COLLAGE-705x705.jpg 705w, https:\/\/www.allatpanzio.com\/wp-content\/uploads\/2023\/07\/IMG_20230611_184838-COLLAGE.jpg 2047w\" sizes=\"auto, (max-width: 300px) 100vw, 300px\" \/><\/p>\n<div class=\"xdj266r x11i5rnm xat24cr x1mh8g0r x1vvkbs\">A k\u00f6vetkez\u0151 szintfelm\u00e9r\u0151nk 2026. \u00c1prilis 19. vas\u00e1rnap 11:30-t\u00f3l.<\/div>\n<div>JELENTKEZ\u00c9S:<a href=\"https:\/\/forms.gle\/VELA2ocnTHiy75qm9\">IT<\/a><a href=\"https:\/\/forms.gle\/VELA2ocnTHiy75qm9\">T<\/a><\/div>\n<div>\n<p data-start=\"0\" data-end=\"57\"><strong data-start=\"0\" data-end=\"57\">Fedezd fel a Monty Kutyaiskola izgalmas k\u00e9pz\u00e9seit!\u00a0<\/strong><\/p>\n<p data-start=\"59\" data-end=\"141\"><strong data-start=\"62\" data-end=\"141\">Szocializ\u00e1ci\u00f3 \u00e9s alap tanfolyamok minden kuty\u00e1nak \u2013 kicsiknek \u00e9s nagyoknak!<\/strong><\/p>\n<p data-start=\"143\" data-end=\"302\"><strong data-start=\"146\" data-end=\"177\">OVI (4-8 h\u00f3napos kuty\u00e1knak)<\/strong><br data-start=\"177\" data-end=\"180\" \/>A legfiatalabb kutyusokat j\u00e1t\u00e9kos feladatokkal szoktatjuk a k\u00fcl\u00f6nb\u00f6z\u0151 ingerekhez, hogy b\u00e1tran \u00e9s magabiztosan fejl\u0151djenek!<\/p>\n<p data-start=\"304\" data-end=\"563\"><strong data-start=\"310\" data-end=\"328\">ALAP tanfolyam (8 h\u00f3napos kort\u00f3l)<\/strong><br data-start=\"328\" data-end=\"331\" \/>A kuty\u00e1k alapismereteinek elsaj\u00e1t\u00edt\u00e1sa \u2013 laza p\u00f3r\u00e1zos s\u00e9ta, alap vez\u00e9nyszavak \u00e9s a beh\u00edv\u00e1s alapjai! Minden kutya j\u00f3l \u00e9rzi mag\u00e1t n\u00e1lunk, b\u00e1rmelyik fajt\u00e1t is k\u00e9pviselje, legyen az <strong data-start=\"509\" data-end=\"522\">#labrador<\/strong>, <strong data-start=\"524\" data-end=\"535\">#vizsla<\/strong>, vagy <strong data-start=\"542\" data-end=\"562\">#goldenretriever<\/strong>!<\/p>\n<p data-start=\"565\" data-end=\"711\"><strong data-start=\"568\" data-end=\"580\">K\u00d6Z\u00c9PFOK<\/strong><br data-start=\"580\" data-end=\"583\" \/>Elm\u00e9ly\u00edtj\u00fck az alapokat, hogy kuty\u00e1d p\u00f3r\u00e1z n\u00e9lk\u00fcl is prec\u00edzen v\u00e9grehajtsa a feladatokat, \u00e9s m\u00e9g figyelmesebb t\u00e1rs v\u00e1ljon bel\u0151le.<\/p>\n<p data-start=\"713\" data-end=\"866\"><strong data-start=\"716\" data-end=\"729\">SZIMATOL\u00d3K<\/strong><br data-start=\"729\" data-end=\"732\" \/>K\u00e9pzeld el, hogy kuty\u00e1d beleszagol az egyik leg\u0151sibb \u00f6szt\u00f6nbe! Fejlessz\u00fck kuty\u00e1d szagl\u00e1sos k\u00e9pess\u00e9geit, \u00e9s hozd ki a legjobbat bel\u0151le!<\/p>\n<p data-start=\"713\" data-end=\"866\"><strong data-start=\"870\" data-end=\"891\">HOOPERS tanfolyam<\/strong><br data-start=\"891\" data-end=\"894\" \/>Itt a t\u00e1volr\u00f3l ir\u00e1ny\u00edtott kuty\u00e1s sport alapjait tanulhatj\u00e1tok meg! Er\u0151s\u00edtsd kuty\u00e1ddal a kapcsolatot \u00e9s sz\u00f3rakozzatok k\u00f6zben!<\/p>\n<p data-start=\"1020\" data-end=\"1140\"><strong data-start=\"1026\" data-end=\"1044\">COURSING edz\u00e9s<\/strong><br data-start=\"1044\" data-end=\"1047\" \/>El\u0151hozzuk kuty\u00e1d vad\u00e1sz\u00f6szt\u00f6n\u00e9t, mik\u00f6zben egy izgalmas \u00e9s energikus edz\u00e9sform\u00e1ban vesz r\u00e9szt!<\/p>\n<p data-start=\"1142\" data-end=\"1306\"><strong data-start=\"1148\" data-end=\"1167\">Fut\u00f3pados edz\u00e9s<\/strong><br data-start=\"1167\" data-end=\"1170\" \/>Kuty\u00e1d er\u0151nl\u00e9te \u00e9s energiafelhaszn\u00e1l\u00e1sa kulcsfontoss\u00e1g\u00fa! Seg\u00edt\u00fcnk, hogy a kutyusod fizikailag \u00e9s ment\u00e1lisan is a legjobb form\u00e1j\u00e1t hozza!<\/p>\n<p data-start=\"1308\" data-end=\"1457\"><strong data-start=\"1311\" data-end=\"1330\">\u00c9rdekl\u0151dj most!<\/strong><br data-start=\"1330\" data-end=\"1333\" \/>Tov\u00e1bbi inform\u00e1ci\u00f3\u00e9rt keresd fel a Monty Kutyaiskol\u00e1t! \u00cdrj nek\u00fcnk \u00fczenetet, vagy h\u00edvj a k\u00f6vetkez\u0151 sz\u00e1mon: <strong data-start=\"1439\" data-end=\"1456\">0670-595-6931<\/strong>!<\/p>\n<p data-start=\"1308\" data-end=\"1457\">\u00a0<strong data-start=\"1462\" data-end=\"1517\" data-is-last-node=\"\">Monty Kutyaiskola \u2013 Tedd kuty\u00e1dat a legjobb helyre!<\/strong><\/p>\n<\/div>\n<div class=\"x11i5rnm xat24cr x1mh8g0r x1vvkbs xtlvy1s\"><\/div>\n<div><\/div>\n<\/div><\/div><\/div><\/li>\n<li><div class='av-catalogue-item av-m5qyahp6-54b9ac9d41d4d0394e9985faf3ba9b80'><div class=\"av-catalogue-item-inner\"><div class=\"av-catalogue-title-container\"><div class='av-catalogue-title'>Gondoskodj id\u0151ben Kedvenced elhelyez\u00e9s\u00e9r\u0151l <\/div><div class='av-catalogue-price'><\/div><\/div><div class=\"av-catalogue-content\">\nMivel a Monty \u00c1llatpanzi\u00f3 egy csal\u00e1dias k\u00f6rnyezetben m\u0171k\u00f6d\u0151, kis l\u00e9tsz\u00e1m\u00fa panzi\u00f3, a helyek nagyon hamar betelnek, k\u00fcl\u00f6n\u00f6sen az \u00fcnnepek \u00e9s a ny\u00e1ri id\u0151szak alatt, amikor a gazdik is szeretn\u00e9nek pihenni.<\/p>\n<p><strong>Mi\u00e9rt v\u00e1laszd a Monty-t?<\/strong><\/p>\n<ul>\n<li><strong>Csal\u00e1dias k\u00f6rnyezet:<\/strong>\u00a0Kedvenced n\u00e1lunk nem egy kennelben, hanem vel\u00fcnk, a csal\u00e1dunkkal egy\u00fctt \u00e9lhet.<\/li>\n<li><strong>Korl\u00e1tozott f\u00e9r\u0151hely:<\/strong>\u00a0A min\u0151s\u00e9gi szolg\u00e1ltat\u00e1s \u00e9rdek\u00e9ben csak kis l\u00e9tsz\u00e1m\u00fa kuty\u00e1t fogadunk.<\/li>\n<li><strong>Szem\u00e9lyre szabott gondoskod\u00e1s:<\/strong>\u00a0Minden kutyus egy\u00e9nis\u00e9g, \u00edgy mindenki k\u00fcl\u00f6n figyelmet kap.<\/li>\n<\/ul>\n<p><strong>Fontos tudnival\u00f3k:<\/strong><\/p>\n<ul>\n<li><strong>Id\u0151ben foglalj!<\/strong>\u00a0K\u00fcl\u00f6n\u00f6sen a kiemelt id\u0151szakokban (ny\u00e1r, \u00fcnnepek) \u00e9rdemes min\u00e9l hamarabb lefoglalni a helyet.<\/li>\n<li><strong>Pr\u00f3banap:<\/strong>\u00a0Ha kuty\u00e1d m\u00e9g nem volt n\u00e1lunk, vagy t\u00f6bb mint 4 h\u00f3napja volt, akkor egy \u00fajabb tart\u00f3zkod\u00e1s el\u0151tt pr\u00f3banapot kell beiktatnunk.<\/li>\n<li><strong>Kis l\u00e9tsz\u00e1m:<\/strong> A korl\u00e1tozott f\u00e9r\u0151hely miatt el\u0151fordulhat, hogy nem tudunk minden kuty\u00e1t fogadni<\/li>\n<\/ul>\n<p><iframe style=\"relative: absolute; width: 310px; height: 259px; top: 0; left: 0; border: 8px; padding: 0; margin: 0;\" src=\"https:\/\/www.canva.com\/design\/DAGbtj_sJ-0\/poD6yO_fl_9nQOo0q5nWpg\/view?embed\" allowfullscreen=\"allowfullscreen\"><br \/>\n<\/iframe><br \/>\n<\/div><\/div><\/div><\/li>\n<li><div class='av-catalogue-item av-ll3htx9l-095e691972686b58441acfb8f5c3685c'><div class=\"av-catalogue-item-inner\"><div class=\"av-catalogue-title-container\"><div class='av-catalogue-title'>Felh\u00edv\u00e1s<\/div><div class='av-catalogue-price'><\/div><\/div><div class=\"av-catalogue-content\">\nKedves Gazdik! Az m\u00e1rciusi tr\u00e9ningek tervezett id\u0151pontjait az \u00f3rarendben megtal\u00e1lhat\u00f3. Jelentkezni a \u00fczenetben, a regisztr\u00e1ci\u00f3s lap kit\u00f6lt\u00e9s\u00e9vel. A k\u00e9pet ki lehet nagy\u00edtani \u00e9s lapozni is lehet rajta.<br \/>\n<\/div><\/div><\/div><\/li>\n<li><div class='av-catalogue-item av-ll3htx9l-1-54ade8a4d9f52901f2471706f78256f9'><div class=\"av-catalogue-item-inner\"><div class=\"av-catalogue-title-container\"><div class='av-catalogue-title'>\u00daj term\u00e9kek \u00e9rkeztek!<\/div><div class='av-catalogue-price'><\/div><\/div><div class=\"av-catalogue-content\">\n<a href=\"https:\/\/montyallatpanzio.hu\/\"><img loading=\"lazy\" decoding=\"async\" class=\"alignnone wp-image-1173\" src=\"https:\/\/www.allatpanzio.com\/wp-content\/uploads\/2024\/08\/Hirlevel_0830_page-0001-212x300.jpg\" alt=\"\" width=\"664\" height=\"940\" srcset=\"https:\/\/www.allatpanzio.com\/wp-content\/uploads\/2024\/08\/Hirlevel_0830_page-0001-212x300.jpg 212w, https:\/\/www.allatpanzio.com\/wp-content\/uploads\/2024\/08\/Hirlevel_0830_page-0001-728x1030.jpg 728w, https:\/\/www.allatpanzio.com\/wp-content\/uploads\/2024\/08\/Hirlevel_0830_page-0001-768x1086.jpg 768w, https:\/\/www.allatpanzio.com\/wp-content\/uploads\/2024\/08\/Hirlevel_0830_page-0001-1086x1536.jpg 1086w, https:\/\/www.allatpanzio.com\/wp-content\/uploads\/2024\/08\/Hirlevel_0830_page-0001-1061x1500.jpg 1061w, https:\/\/www.allatpanzio.com\/wp-content\/uploads\/2024\/08\/Hirlevel_0830_page-0001-499x705.jpg 499w, https:\/\/www.allatpanzio.com\/wp-content\/uploads\/2024\/08\/Hirlevel_0830_page-0001.jpg 1241w\" sizes=\"auto, (max-width: 664px) 100vw, 664px\" \/><\/a><br \/>\n<\/div><\/div><\/div><\/li>\n<li><div class='av-catalogue-item av-lesdqjdg-40af2a0da2398f275b02661c99b4cf43'><div class=\"av-catalogue-item-inner\"><div class=\"av-catalogue-title-container\"><div class='av-catalogue-title'>Coursing edz\u00e9sek<\/div><div class='av-catalogue-price'><\/div><\/div><div class=\"av-catalogue-content\">\nM\u0171nyulas sprint \u00e9s coursing edz\u00e9sek<\/p>\n<p>A Coursing azaz m\u0171nyulas \u00fcld\u00f6z\u00e9s.<\/p>\n<p>Eredetileg agarak sz\u00e1m\u00e1ra kital\u00e1lt sport, de manaps\u00e1g m\u00e1r nagy n\u00e9pszer\u0171s\u00e9gnek \u00f6rvend a zs\u00e1km\u00e1nyos, egy\u00e9b fajt\u00e1j\u00fa, illetve kever\u00e9k kuty\u00e1val rendelkez\u0151 gazdik k\u00f6r\u00e9ben is. A sport l\u00e9nyege, hogy a zs\u00e1km\u00e1nyos kuty\u00e1k \u00fcld\u00f6zhess\u00e9k a m\u0171nyulat \u00e9s azt futamok v\u00e9g\u00e9n elkaphass\u00e1k.<\/p>\n<p>Egy coursing edz\u00e9s, a profi sport kuty\u00e1k versenyfelk\u00e9sz\u00edt\u00e9s\u00e9n t\u00fal, nagyon alkalmas a hobbi kuty\u00e1k lef\u00e1raszt\u00e1s\u00e1ra, energi\u00e1ik kontroll\u00e1lt levezet\u00e9s\u00e9re de ak\u00e1r a zs\u00e1km\u00e1nyoss\u00e1g fejleszt\u00e9s\u00e9re, \u201cbekapcsol\u00e1s\u00e1ra\u201d is kiv\u00e1l\u00f3, \u00edgy a k\u00fcl\u00f6nb\u00f6z\u0151 szakter\u00fcleteken dolgoz\u00f3 munkakuty\u00e1knak is remek keresztedz\u00e9s lehet.<\/p>\n<p>Sprint egy egyenes p\u00e1ly\u00e1n l\u00e9v\u0151 futamot jelent, mely kezd\u0151knek, k\u00f6lyk\u00f6knek, er\u0151nl\u00e9ti edz\u00e9sekre, f\u00e1raszt\u00e1sra kiv\u00e1l\u00f3an alkalmas. T\u00e1vok: 100-, 200 m.<\/p>\n<p>Coursing edz\u00e9sek 300-600m t\u00e1v, t\u00f6r\u00e9sekkel a m\u00e1r edz\u00e9sben l\u00e9v\u0151 kuty\u00e1knak.<\/p>\n<p><img loading=\"lazy\" decoding=\"async\" class=\"size-medium wp-image-699 aligncenter\" src=\"https:\/\/www.allatpanzio.com\/wp-content\/uploads\/2023\/03\/coursing-300x218.png\" alt=\"\" width=\"300\" height=\"218\" srcset=\"https:\/\/www.allatpanzio.com\/wp-content\/uploads\/2023\/03\/coursing-300x218.png 300w, https:\/\/www.allatpanzio.com\/wp-content\/uploads\/2023\/03\/coursing.png 600w\" sizes=\"auto, (max-width: 300px) 100vw, 300px\" \/><\/p>\n<div class=\"x11i5rnm xat24cr x1mh8g0r x1vvkbs xdj266r x126k92a\">\n<div dir=\"auto\">\u00c1rak:<\/div>\n<div dir=\"auto\">sprint edz\u00e9s:<\/div>\n<div dir=\"auto\">1 fut\u00e1s 2000.-(100m)<\/div>\n<div dir=\"auto\">2 fut\u00e1s 3000.-(200m)x2<\/div>\n<div dir=\"auto\">minden tov\u00e1bbi fut\u00e1s 1000.-<\/div>\n<div dir=\"auto\">fiatal kuty\u00e1knak r\u00e9szt\u00e1v 100m (1 fut\u00e1s) 2000.-<\/div>\n<div dir=\"auto\"><\/div>\n<\/div>\n<div class=\"x11i5rnm xat24cr x1mh8g0r x1vvkbs xtlvy1s x126k92a\">\n<div dir=\"auto\">Kezd\u0151knek futam el\u0151tti tr\u00e9ning 1000.-\/kutya<\/div>\n<div dir=\"auto\"><\/div>\n<\/div>\n<div class=\"x11i5rnm xat24cr x1mh8g0r x1vvkbs xtlvy1s x126k92a\">\n<div dir=\"auto\">coursing edz\u00e9s:<\/div>\n<div dir=\"auto\">1 fut\u00e1s 2000.- (300m)<\/div>\n<div dir=\"auto\">2 fut\u00e1s 3000.- (600m)<\/div>\n<div dir=\"auto\"><\/div>\n<\/div>\n<div class=\"x11i5rnm xat24cr x1mh8g0r x1vvkbs xtlvy1s x126k92a\">\n<div dir=\"auto\">Lehet k\u00e9rni fot\u00f3t, ami a helysz\u00ednen fizetend\u0151. 3db k\u00e9p 1500.-\/kutya<\/div>\n<\/div>\n<div dir=\"auto\"><\/div>\n<div dir=\"auto\">Fut\u00f3pados edz\u00e9s:<\/div>\n<div dir=\"auto\">30 perc\/ 3000.-<\/div>\n<div class=\"x11i5rnm xat24cr x1mh8g0r x1vvkbs xtlvy1s x126k92a\"><\/div>\n<\/div><\/div><\/div><\/li>\n<\/ul><\/div><\/div><div class='flex_column av-ylpe-0bb90899ae814e80a7a81ebc677ed6f6 av_one_full  avia-builder-el-5  el_after_av_one_full  el_before_av_one_full  first flex_column_div column-top-margin'     ><\/div><\/p>\n<div class='flex_column av-g6qqa-75022083b06b44355a883f990dfeab3c av_one_full  avia-builder-el-6  el_after_av_one_full  el_before_av_one_full  first flex_column_div column-top-margin'     ><\/div>\n<div class='flex_column av-6kqpm-996f442d0d04e38f369a2d4deef16eaa av_one_full  avia-builder-el-7  el_after_av_one_full  el_before_av_one_full  first flex_column_div column-top-margin'     ><\/div>\n<div class='flex_column av-dx4gi-123085ff3c937ebac41d0b07e5dd2f8c av_one_full  avia-builder-el-8  el_after_av_one_full  el_before_av_one_half  first flex_column_div column-top-margin'     ><\/div>\n<div class='flex_column av-83gma-70acb1eeba096d031c301e3e8b2a77d5 av_one_half  avia-builder-el-9  el_after_av_one_full  el_before_av_one_full  first flex_column_div column-top-margin'     ><\/div>\n<div class='flex_column av-6zlfm-02cc798419489f2f14e37292b3a9b1fd av_one_full  avia-builder-el-10  el_after_av_one_half  el_before_av_one_full  first flex_column_div column-top-margin'     ><\/div>\n<div class='flex_column av-ckaqq-e9ffeabdde4a4ef343cc746120258223 av_one_full  avia-builder-el-11  el_after_av_one_full  el_before_av_one_half  first flex_column_div column-top-margin'     ><\/div>\n<div class='flex_column av-bn8xe-5a08feb3b079e88d9826135c8bbcfaa4 av_one_half  avia-builder-el-12  el_after_av_one_full  el_before_av_one_full  first flex_column_div column-top-margin'     ><\/div>\n<div class='flex_column av-acfqq-3e705b1520fa4c2a49a5fdebdc66096e av_one_full  avia-builder-el-13  el_after_av_one_half  avia-builder-el-last  first flex_column_div column-top-margin'     ><\/div>\n","protected":false},"excerpt":{"rendered":"","protected":false},"author":1,"featured_media":0,"parent":0,"menu_order":0,"comment_status":"closed","ping_status":"closed","template":"","meta":{"footnotes":""},"class_list":["post-434","page","type-page","status-publish","hentry"],"_links":{"self":[{"href":"https:\/\/www.allatpanzio.com\/index.php?rest_route=\/wp\/v2\/pages\/434","targetHints":{"allow":["GET"]}}],"collection":[{"href":"https:\/\/www.allatpanzio.com\/index.php?rest_route=\/wp\/v2\/pages"}],"about":[{"href":"https:\/\/www.allatpanzio.com\/index.php?rest_route=\/wp\/v2\/types\/page"}],"author":[{"embeddable":true,"href":"https:\/\/www.allatpanzio.com\/index.php?rest_route=\/wp\/v2\/users\/1"}],"replies":[{"embeddable":true,"href":"https:\/\/www.allatpanzio.com\/index.php?rest_route=%2Fwp%2Fv2%2Fcomments&post=434"}],"version-history":[{"count":166,"href":"https:\/\/www.allatpanzio.com\/index.php?rest_route=\/wp\/v2\/pages\/434\/revisions"}],"predecessor-version":[{"id":1537,"href":"https:\/\/www.allatpanzio.com\/index.php?rest_route=\/wp\/v2\/pages\/434\/revisions\/1537"}],"wp:attachment":[{"href":"https:\/\/www.allatpanzio.com\/index.php?rest_route=%2Fwp%2Fv2%2Fmedia&parent=434"}],"curies":[{"name":"wp","href":"https:\/\/api.w.org\/{rel}","templated":true}]}}