{"id":1371,"date":"2025-02-28T12:49:56","date_gmt":"2025-02-28T11:49:56","guid":{"rendered":"https:\/\/www.allatpanzio.com\/?page_id=1371"},"modified":"2025-02-28T12:49:56","modified_gmt":"2025-02-28T11:49:56","slug":"valaszthato-nyuszik","status":"publish","type":"page","link":"https:\/\/www.allatpanzio.com\/?page_id=1371","title":{"rendered":"V\u00e1laszthat\u00f3 nyuszik"},"content":{"rendered":"<p>OLDAL KARBANTART\u00c1S ALATT VAN<\/p>\n","protected":false},"excerpt":{"rendered":"<p>OLDAL KARBANTART\u00c1S ALATT VAN<\/p>\n","protected":false},"author":1,"featured_media":0,"parent":0,"menu_order":0,"comment_status":"closed","ping_status":"closed","template":"","meta":{"footnotes":""},"class_list":["post-1371","page","type-page","status-publish","hentry"],"_links":{"self":[{"href":"https:\/\/www.allatpanzio.com\/index.php?rest_route=\/wp\/v2\/pages\/1371","targetHints":{"allow":["GET"]}}],"collection":[{"href":"https:\/\/www.allatpanzio.com\/index.php?rest_route=\/wp\/v2\/pages"}],"about":[{"href":"https:\/\/www.allatpanzio.com\/index.php?rest_route=\/wp\/v2\/types\/page"}],"author":[{"embeddable":true,"href":"https:\/\/www.allatpanzio.com\/index.php?rest_route=\/wp\/v2\/users\/1"}],"replies":[{"embeddable":true,"href":"https:\/\/www.allatpanzio.com\/index.php?rest_route=%2Fwp%2Fv2%2Fcomments&post=1371"}],"version-history":[{"count":1,"href":"https:\/\/www.allatpanzio.com\/index.php?rest_route=\/wp\/v2\/pages\/1371\/revisions"}],"predecessor-version":[{"id":1372,"href":"https:\/\/www.allatpanzio.com\/index.php?rest_route=\/wp\/v2\/pages\/1371\/revisions\/1372"}],"wp:attachment":[{"href":"https:\/\/www.allatpanzio.com\/index.php?rest_route=%2Fwp%2Fv2%2Fmedia&parent=1371"}],"curies":[{"name":"wp","href":"https:\/\/api.w.org\/{rel}","templated":true}]}}